{"id":7844,"date":"2020-12-28T12:05:41","date_gmt":"2020-12-28T09:05:41","guid":{"rendered":"https:\/\/www.garantikompozit.com\/?post_type=product&#038;p=7844"},"modified":"2021-04-13T13:59:24","modified_gmt":"2021-04-13T10:59:24","slug":"balistik-koruyucu-baslik-ach-mid-cut-model","status":"publish","type":"product","link":"https:\/\/www.garantikompozit.com\/tr\/urun\/balistik-koruyucu-baslik-ach-mid-cut-model\/","title":{"rendered":"Balistik Koruyucu Ba\u015fl\u0131k <br\/> (ACH MID-CUT MODEL)"},"content":{"rendered":"<p>PASGT modeline g\u00f6re daha hafif bir mi\u011ffer olup, \u00f6n k\u0131sm\u0131nda siperlik bulunmamaktad\u0131r. Kask\u0131n tasar\u0131m\u0131 kullan\u0131c\u0131n\u0131n kulaklar\u0131n\u0131 k\u0131smen \u00f6rtecek ve kulak b\u00f6lgesinde orta d\u00fczeyde koruma alan\u0131 sa\u011flayacak \u015fekilde yap\u0131lm\u0131\u015ft\u0131r.<\/p>\n","protected":false},"excerpt":{"rendered":"<p><strong>\u2022 \u00d6l\u00e7\u00fcler:<\/strong> 4 Beden (M \u2013 L \u2013 XL \u2013 XXL)<br \/>\n<strong>\u2022 Malzeme:<\/strong> UHMWPE<br \/>\n<strong>\u2022 NIJ seviye IIIA 9 mm FMJ Balistik Mukavemet:<\/strong> Mevcut<br \/>\n<strong>\u2022 NIJ seviye IIIA 44 Magnum Balistik Mukavemet:<\/strong> Mevcut<br \/>\n<strong>\u2022 STANAG 2920 1,1gr \u015earapnel V50 De\u011feri:<\/strong> En az 725 m\/s<br \/>\n<strong>\u2022 DOT FMVSS 218 (-10, +55 ve+20 C&#8217; de) Darbe Emici Sistem \u00d6zellikleri:<\/strong> 10 ft\/s h\u0131zda en fazla 100G ortalama ivmelenme<br \/>\n<strong>\u2022 \u00c7ene Kay\u0131\u015f Sistemi:<\/strong> 4 noktadan ba\u011fl\u0131, \u00e7evirmeli ayarlanabilir ense destekli model<br \/>\n<strong>\u2022 Renk Alternatifleri:<\/strong> Siyah, Ye\u015fil, Tan<br \/>\n<strong>\u2022 Y\u00fczey Alanlar\u0131 (+\/-5 cm\u00b2):<\/strong> 1120-1180-1250-1330 cm\u00b2<br \/>\n<strong>\u2022 Kask A\u011f\u0131rl\u0131klar\u0131 (+\/-50 gr):<\/strong> 1300-1350-1400-1500 gr*<\/p>\n<p><em>* A\u011f\u0131rl\u0131klara boyanm\u0131\u015f ve kenar fitili tak\u0131lm\u0131\u015f kask, darbe emici pad sistemi, \u00e7ene kay\u0131\u015f sistemi, gece g\u00f6r\u00fc\u015f cihaz\u0131 monte hamili ve aksesuar ta\u015f\u0131y\u0131c\u0131 yan raylar dahildir.<\/em><\/p>\n","protected":false},"featured_media":14274,"template":"","meta":[],"class_list":["post-7844","product","type-product","status-publish","has-post-thumbnail","hentry","product_cat-balistik-koruyucu-sistemler","product_cat-balistik-koruyucu-basliklar-ve-aksesuarlar","product_tag-ach-mid-cut"],"_links":{"self":[{"href":"https:\/\/www.garantikompozit.com\/tr\/wp-json\/wp\/v2\/product\/7844","targetHints":{"allow":["GET"]}}],"collection":[{"href":"https:\/\/www.garantikompozit.com\/tr\/wp-json\/wp\/v2\/product"}],"about":[{"href":"https:\/\/www.garantikompozit.com\/tr\/wp-json\/wp\/v2\/types\/product"}],"wp:featuredmedia":[{"embeddable":true,"href":"https:\/\/www.garantikompozit.com\/tr\/wp-json\/wp\/v2\/media\/14274"}],"wp:attachment":[{"href":"https:\/\/www.garantikompozit.com\/tr\/wp-json\/wp\/v2\/media?parent=7844"}],"curies":[{"name":"wp","href":"https:\/\/api.w.org\/{rel}","templated":true}]}}