{"id":7843,"date":"2020-12-28T12:10:45","date_gmt":"2020-12-28T09:10:45","guid":{"rendered":"https:\/\/www.garantikompozit.com\/?post_type=product&#038;p=7843"},"modified":"2021-10-13T21:08:12","modified_gmt":"2021-10-13T18:08:12","slug":"tufek-mermisine-karsi-baslik-ach-full-cut-model","status":"publish","type":"product","link":"https:\/\/www.garantikompozit.com\/tr\/urun\/tufek-mermisine-karsi-baslik-ach-full-cut-model\/","title":{"rendered":"T\u00fcfek Mermisine Kar\u015f\u0131 Ba\u015fl\u0131k <br\/> (ACH FULL-CUT MODEL)"},"content":{"rendered":"<p>\u00d6n k\u0131sm\u0131nda siperlik bulunmayan ACH kal\u0131b\u0131nda \u00fcretilmi\u015ftir. Kask\u0131n tasar\u0131m\u0131 kullan\u0131c\u0131n\u0131n kulaklar\u0131n\u0131 k\u0131smen \u00f6rtecek ve m\u00fcmk\u00fcn olan en \u00fcst d\u00fczeyde koruma alan\u0131 sa\u011flayacak \u015fekilde yap\u0131lm\u0131\u015ft\u0131r. Uzun namlulu silahlara kar\u015f\u0131 koruma sa\u011flayan hafif ve kullan\u0131\u015fl\u0131 bir modeldir.<\/p>\n","protected":false},"excerpt":{"rendered":"<ul>\n<li><span style=\"font-weight: 400;\"> \u00d6l\u00e7\u00fcler: 4 Beden (M \u2013 L \u2013 XL \u2013 XXL)<\/span><\/li>\n<li><span style=\"font-weight: 400;\"> Malzeme: UHMWPE<\/span><\/li>\n<li><span style=\"font-weight: 400;\"> NIJ seviye III Balistik Mukavemet: 7,62\u00d751 NATO Ball (Vel. 730 m\/s)<\/span><\/li>\n<li><span style=\"font-weight: 400;\"> STANAG 2920 1,1gr \u015earapnel V50 De\u011feri: En az 1100 m\/s<\/span><\/li>\n<li><span style=\"font-weight: 400;\"> DOT FMVSS 218 (-10, +55 ve+20 C\u2019 de) Darbe Emici Sistem \u00d6zellikleri: 10 ft\/s h\u0131zda en fazla 150G ortalama ivmelenme<\/span><\/li>\n<li><span style=\"font-weight: 400;\"> \u00c7ene Kay\u0131\u015f Sistemi: 4 noktadan ba\u011fl\u0131, \u00e7evirmeli ayarlanabilir ense destekli model<\/span><\/li>\n<li><span style=\"font-weight: 400;\"> Renk Alternatifleri: Siyah, Ye\u015fil, Tan<\/span><\/li>\n<li><span style=\"font-weight: 400;\"> Y\u00fczey Alanlar\u0131 (+\/-5 cm\u00b2): 1250 &#8211; 1308 &#8211; 1405 &#8211; 1476 cm\u00b2<\/span><\/li>\n<li><span style=\"font-weight: 400;\"> Kask A\u011f\u0131rl\u0131klar\u0131 (+\/-50 gr): 1650 &#8211; 1700 &#8211; 1800 &#8211; 1850 gr*<\/span><\/li>\n<\/ul>\n<p><span style=\"font-weight: 400;\">* A\u011f\u0131rl\u0131klara boyanm\u0131\u015f ve kenar fitili tak\u0131lm\u0131\u015f kask, darbe emici pad sistemi, \u00e7ene kay\u0131\u015f sistemi, gece g\u00f6r\u00fc\u015f cihaz\u0131 monte hamili ve aksesuar ta\u015f\u0131y\u0131c\u0131 yan raylar dahildir.<\/span><\/p>\n","protected":false},"featured_media":14404,"template":"","meta":[],"class_list":["post-7843","product","type-product","status-publish","has-post-thumbnail","hentry","product_cat-balistik-koruyucu-sistemler","product_cat-balistik-koruyucu-basliklar-ve-aksesuarlar","product_tag-ach-full-cut"],"_links":{"self":[{"href":"https:\/\/www.garantikompozit.com\/tr\/wp-json\/wp\/v2\/product\/7843","targetHints":{"allow":["GET"]}}],"collection":[{"href":"https:\/\/www.garantikompozit.com\/tr\/wp-json\/wp\/v2\/product"}],"about":[{"href":"https:\/\/www.garantikompozit.com\/tr\/wp-json\/wp\/v2\/types\/product"}],"wp:featuredmedia":[{"embeddable":true,"href":"https:\/\/www.garantikompozit.com\/tr\/wp-json\/wp\/v2\/media\/14404"}],"wp:attachment":[{"href":"https:\/\/www.garantikompozit.com\/tr\/wp-json\/wp\/v2\/media?parent=7843"}],"curies":[{"name":"wp","href":"https:\/\/api.w.org\/{rel}","templated":true}]}}