{"id":7842,"date":"2020-12-28T12:15:53","date_gmt":"2020-12-28T09:15:53","guid":{"rendered":"https:\/\/www.garantikompozit.com\/?post_type=product&#038;p=7842"},"modified":"2021-04-13T14:12:20","modified_gmt":"2021-04-13T11:12:20","slug":"aramid-materyal-baslik-ach-full-cut-model","status":"publish","type":"product","link":"https:\/\/www.garantikompozit.com\/tr\/urun\/aramid-materyal-baslik-ach-full-cut-model\/","title":{"rendered":"Aramid Materyal Ba\u015fl\u0131k <br\/> (ACH FULL-CUT MODEL)"},"content":{"rendered":"<p>PASGT modeline g\u00f6re daha hafif bir mi\u011ffer olup, \u00f6n k\u0131sm\u0131nda siperlik bulunmamaktad\u0131r. Kask\u0131n tasar\u0131m\u0131 kullan\u0131c\u0131n\u0131n kulaklar\u0131n\u0131 tamamen \u00f6rtecek ve azami d\u00fczeyde koruma alan\u0131 sa\u011flayacak \u015fekilde yap\u0131lm\u0131\u015ft\u0131r.<\/p>\n","protected":false},"excerpt":{"rendered":"<p><strong>\u2022 \u00d6l\u00e7\u00fcler:<\/strong>\u00a04 Beden (M \u2013 L \u2013 XL \u2013 XXL)<br \/>\n<strong>\u2022 Malzeme:<\/strong>\u00a0ARAM\u0130D<br \/>\n<strong>\u2022 NIJ seviye IIIA 9 mm FMJ Balistik Mukavemet:<\/strong>\u00a0Mevcut<br \/>\n<strong>\u2022 NIJ seviye IIIA 44 Magnum Balistik Mukavemet:<\/strong>\u00a0Mevcut<br \/>\n<strong>\u2022 STANAG 2920 1,1gr \u015earapnel V50 De\u011feri:<\/strong> En az 650 m\/s<br \/>\n<strong>\u2022 DOT FMVSS 218 (-10, +55 ve+20 C\u2019 de) Darbe Emici Sistem \u00d6zellikleri:<\/strong>\u00a010 ft\/s h\u0131zda en fazla 100G ortalama ivmelenme<br \/>\n<strong>\u2022 \u00c7ene Kay\u0131\u015f Sistemi:<\/strong>\u00a04 noktadan ba\u011fl\u0131, \u00e7evirmeli ayarlanabilir ense destekli model<br \/>\n<strong>\u2022 Renk Alternatifleri:<\/strong>\u00a0Siyah, Ye\u015fil, Tan<br \/>\n<strong>\u2022 Y\u00fczey Alanlar\u0131 (+\/-5 cm\u00b2):<\/strong> 1170-1230-1300-1390 cm\u00b2<br \/>\n<strong>\u2022 Kask A\u011f\u0131rl\u0131klar\u0131 (+\/-50 gr):<\/strong> 1600-1680-1770-1850 gr<\/p>\n<p><em>* A\u011f\u0131rl\u0131klara boyanm\u0131\u015f ve kenar fitili tak\u0131lm\u0131\u015f kask, darbe emici pad sistemi, \u00e7ene kay\u0131\u015f sistemi, gece g\u00f6r\u00fc\u015f cihaz\u0131 monte hamili ve aksesuar ta\u015f\u0131y\u0131c\u0131 yan raylar dahildir.<\/em><\/p>\n","protected":false},"featured_media":14400,"template":"","meta":[],"class_list":["post-7842","product","type-product","status-publish","has-post-thumbnail","hentry","product_cat-balistik-koruyucu-sistemler","product_cat-balistik-koruyucu-basliklar-ve-aksesuarlar","product_tag-ach-full-cut"],"_links":{"self":[{"href":"https:\/\/www.garantikompozit.com\/tr\/wp-json\/wp\/v2\/product\/7842","targetHints":{"allow":["GET"]}}],"collection":[{"href":"https:\/\/www.garantikompozit.com\/tr\/wp-json\/wp\/v2\/product"}],"about":[{"href":"https:\/\/www.garantikompozit.com\/tr\/wp-json\/wp\/v2\/types\/product"}],"wp:featuredmedia":[{"embeddable":true,"href":"https:\/\/www.garantikompozit.com\/tr\/wp-json\/wp\/v2\/media\/14400"}],"wp:attachment":[{"href":"https:\/\/www.garantikompozit.com\/tr\/wp-json\/wp\/v2\/media?parent=7842"}],"curies":[{"name":"wp","href":"https:\/\/api.w.org\/{rel}","templated":true}]}}