{"id":6063,"date":"2019-06-11T15:25:20","date_gmt":"2019-06-11T12:25:20","guid":{"rendered":"http:\/\/test.garantikompozit.com\/?post_type=product&#038;p=6063"},"modified":"2019-08-20T10:56:19","modified_gmt":"2019-08-20T07:56:19","slug":"yanmasi-geciktirilmis-tulum-mont-baslik-eldiven-tabanca-kilifi","status":"publish","type":"product","link":"https:\/\/www.garantikompozit.com\/tr\/urun\/yanmasi-geciktirilmis-tulum-mont-baslik-eldiven-tabanca-kilifi\/","title":{"rendered":"Yanmas\u0131 Geciktirilmi\u015f Tulum, Mont, Ba\u015fl\u0131k, Eldiven, Tabanca K\u0131l\u0131f\u0131"},"content":{"rendered":"<p>.<\/p>\n","protected":false},"excerpt":{"rendered":"<p>.<\/p>\n","protected":false},"featured_media":7931,"template":"","meta":[],"class_list":["post-6063","product","type-product","status-publish","has-post-thumbnail","hentry","product_cat-asker-ve-polis-grubu","product_cat-fonksiyonel-ic-ve-dis-giyim","product_cat-yanmasi-geciktirilmis-kiyafetler"],"_links":{"self":[{"href":"https:\/\/www.garantikompozit.com\/tr\/wp-json\/wp\/v2\/product\/6063","targetHints":{"allow":["GET"]}}],"collection":[{"href":"https:\/\/www.garantikompozit.com\/tr\/wp-json\/wp\/v2\/product"}],"about":[{"href":"https:\/\/www.garantikompozit.com\/tr\/wp-json\/wp\/v2\/types\/product"}],"wp:featuredmedia":[{"embeddable":true,"href":"https:\/\/www.garantikompozit.com\/tr\/wp-json\/wp\/v2\/media\/7931"}],"wp:attachment":[{"href":"https:\/\/www.garantikompozit.com\/tr\/wp-json\/wp\/v2\/media?parent=6063"}],"curies":[{"name":"wp","href":"https:\/\/api.w.org\/{rel}","templated":true}]}}