{"id":6062,"date":"2019-06-11T15:23:52","date_gmt":"2019-06-11T12:23:52","guid":{"rendered":"http:\/\/test.garantikompozit.com\/?post_type=product&#038;p=6062"},"modified":"2019-08-20T10:46:52","modified_gmt":"2019-08-20T07:46:52","slug":"kahramanmaras-itfaiye-elbisesi","status":"publish","type":"product","link":"https:\/\/www.garantikompozit.com\/tr\/urun\/kahramanmaras-itfaiye-elbisesi\/","title":{"rendered":"Kahramanmara\u015f \u0130tfaiye Elbisesi"},"content":{"rendered":"<p>\u0130\u00c7ER\u0130K<\/p>\n","protected":false},"excerpt":{"rendered":"<p>\u0130\u00c7ER\u0130K<\/p>\n","protected":false},"featured_media":6436,"template":"","meta":[],"class_list":["post-6062","product","type-product","status-publish","has-post-thumbnail","hentry","product_cat-fonksiyonel-ic-ve-dis-giyim","product_cat-itfaiye-grubu","product_cat-yanmasi-geciktirilmis-kiyafetler"],"_links":{"self":[{"href":"https:\/\/www.garantikompozit.com\/tr\/wp-json\/wp\/v2\/product\/6062","targetHints":{"allow":["GET"]}}],"collection":[{"href":"https:\/\/www.garantikompozit.com\/tr\/wp-json\/wp\/v2\/product"}],"about":[{"href":"https:\/\/www.garantikompozit.com\/tr\/wp-json\/wp\/v2\/types\/product"}],"wp:featuredmedia":[{"embeddable":true,"href":"https:\/\/www.garantikompozit.com\/tr\/wp-json\/wp\/v2\/media\/6436"}],"wp:attachment":[{"href":"https:\/\/www.garantikompozit.com\/tr\/wp-json\/wp\/v2\/media?parent=6062"}],"curies":[{"name":"wp","href":"https:\/\/api.w.org\/{rel}","templated":true}]}}