{"id":6060,"date":"2019-06-11T15:23:12","date_gmt":"2019-06-11T12:23:12","guid":{"rendered":"http:\/\/test.garantikompozit.com\/?post_type=product&#038;p=6060"},"modified":"2019-08-20T10:47:39","modified_gmt":"2019-08-20T07:47:39","slug":"izmir-itfaiye-elbisesi","status":"publish","type":"product","link":"https:\/\/www.garantikompozit.com\/tr\/urun\/izmir-itfaiye-elbisesi\/","title":{"rendered":"\u0130zmir \u0130tfaiye Elbisesi"},"content":{"rendered":"<p>\u0130\u00c7ER\u0130K<\/p>\n","protected":false},"excerpt":{"rendered":"<p>\u0130\u00c7ER\u0130K<\/p>\n","protected":false},"featured_media":6427,"template":"","meta":[],"class_list":["post-6060","product","type-product","status-publish","has-post-thumbnail","hentry","product_cat-fonksiyonel-ic-ve-dis-giyim","product_cat-itfaiye-grubu","product_cat-yanmasi-geciktirilmis-kiyafetler"],"_links":{"self":[{"href":"https:\/\/www.garantikompozit.com\/tr\/wp-json\/wp\/v2\/product\/6060","targetHints":{"allow":["GET"]}}],"collection":[{"href":"https:\/\/www.garantikompozit.com\/tr\/wp-json\/wp\/v2\/product"}],"about":[{"href":"https:\/\/www.garantikompozit.com\/tr\/wp-json\/wp\/v2\/types\/product"}],"wp:featuredmedia":[{"embeddable":true,"href":"https:\/\/www.garantikompozit.com\/tr\/wp-json\/wp\/v2\/media\/6427"}],"wp:attachment":[{"href":"https:\/\/www.garantikompozit.com\/tr\/wp-json\/wp\/v2\/media?parent=6060"}],"curies":[{"name":"wp","href":"https:\/\/api.w.org\/{rel}","templated":true}]}}