{"id":6059,"date":"2019-06-11T15:21:10","date_gmt":"2019-06-11T12:21:10","guid":{"rendered":"http:\/\/test.garantikompozit.com\/?post_type=product&#038;p=6059"},"modified":"2019-08-19T14:06:51","modified_gmt":"2019-08-19T11:06:51","slug":"intikal-cantasi","status":"publish","type":"product","link":"https:\/\/www.garantikompozit.com\/tr\/urun\/intikal-cantasi\/","title":{"rendered":"\u0130ntikal \u00c7antas\u0131"},"content":{"rendered":"<p>.<\/p>\n","protected":false},"excerpt":{"rendered":"<p>.<\/p>\n","protected":false},"featured_media":7898,"template":"","meta":[],"class_list":["post-6059","product","type-product","status-publish","has-post-thumbnail","hentry","product_cat-canta","product_cat-fonksiyonel-ic-ve-dis-giyim","product_cat-tasiyici-yelekler-ve-sirt-cantalari"],"_links":{"self":[{"href":"https:\/\/www.garantikompozit.com\/tr\/wp-json\/wp\/v2\/product\/6059","targetHints":{"allow":["GET"]}}],"collection":[{"href":"https:\/\/www.garantikompozit.com\/tr\/wp-json\/wp\/v2\/product"}],"about":[{"href":"https:\/\/www.garantikompozit.com\/tr\/wp-json\/wp\/v2\/types\/product"}],"wp:featuredmedia":[{"embeddable":true,"href":"https:\/\/www.garantikompozit.com\/tr\/wp-json\/wp\/v2\/media\/7898"}],"wp:attachment":[{"href":"https:\/\/www.garantikompozit.com\/tr\/wp-json\/wp\/v2\/media?parent=6059"}],"curies":[{"name":"wp","href":"https:\/\/api.w.org\/{rel}","templated":true}]}}