{"id":6058,"date":"2019-06-11T15:19:28","date_gmt":"2019-06-11T12:19:28","guid":{"rendered":"http:\/\/test.garantikompozit.com\/?post_type=product&#038;p=6058"},"modified":"2019-08-19T13:35:45","modified_gmt":"2019-08-19T10:35:45","slug":"cok-amacli-buyuk-sirt-cantasi","status":"publish","type":"product","link":"https:\/\/www.garantikompozit.com\/tr\/urun\/cok-amacli-buyuk-sirt-cantasi\/","title":{"rendered":"\u00c7ok Ama\u00e7l\u0131 B\u00fcy\u00fck S\u0131rt \u00c7antas\u0131"},"content":{"rendered":"<p>\u0130\u00c7ER\u0130K<\/p>\n","protected":false},"excerpt":{"rendered":"<p>\u0130\u00c7ER\u0130K<\/p>\n","protected":false},"featured_media":7885,"template":"","meta":[],"class_list":["post-6058","product","type-product","status-publish","has-post-thumbnail","hentry","product_cat-canta","product_cat-fonksiyonel-ic-ve-dis-giyim","product_cat-tasiyici-yelekler-ve-sirt-cantalari"],"_links":{"self":[{"href":"https:\/\/www.garantikompozit.com\/tr\/wp-json\/wp\/v2\/product\/6058","targetHints":{"allow":["GET"]}}],"collection":[{"href":"https:\/\/www.garantikompozit.com\/tr\/wp-json\/wp\/v2\/product"}],"about":[{"href":"https:\/\/www.garantikompozit.com\/tr\/wp-json\/wp\/v2\/types\/product"}],"wp:featuredmedia":[{"embeddable":true,"href":"https:\/\/www.garantikompozit.com\/tr\/wp-json\/wp\/v2\/media\/7885"}],"wp:attachment":[{"href":"https:\/\/www.garantikompozit.com\/tr\/wp-json\/wp\/v2\/media?parent=6058"}],"curies":[{"name":"wp","href":"https:\/\/api.w.org\/{rel}","templated":true}]}}