{"id":6057,"date":"2019-06-11T15:19:08","date_gmt":"2019-06-11T12:19:08","guid":{"rendered":"http:\/\/test.garantikompozit.com\/?post_type=product&#038;p=6057"},"modified":"2019-08-20T10:48:10","modified_gmt":"2019-08-20T07:48:10","slug":"termostatik-matarali-sirt-cantasi","status":"publish","type":"product","link":"https:\/\/www.garantikompozit.com\/tr\/urun\/termostatik-matarali-sirt-cantasi\/","title":{"rendered":"Termostatik Mataral\u0131 S\u0131rt \u00c7antas\u0131"},"content":{"rendered":"<p>.<\/p>\n","protected":false},"excerpt":{"rendered":"<p>.<\/p>\n","protected":false},"featured_media":7909,"template":"","meta":[],"class_list":["post-6057","product","type-product","status-publish","has-post-thumbnail","hentry","product_cat-canta","product_cat-fonksiyonel-ic-ve-dis-giyim","product_cat-tasiyici-yelekler-ve-sirt-cantalari"],"_links":{"self":[{"href":"https:\/\/www.garantikompozit.com\/tr\/wp-json\/wp\/v2\/product\/6057","targetHints":{"allow":["GET"]}}],"collection":[{"href":"https:\/\/www.garantikompozit.com\/tr\/wp-json\/wp\/v2\/product"}],"about":[{"href":"https:\/\/www.garantikompozit.com\/tr\/wp-json\/wp\/v2\/types\/product"}],"wp:featuredmedia":[{"embeddable":true,"href":"https:\/\/www.garantikompozit.com\/tr\/wp-json\/wp\/v2\/media\/7909"}],"wp:attachment":[{"href":"https:\/\/www.garantikompozit.com\/tr\/wp-json\/wp\/v2\/media?parent=6057"}],"curies":[{"name":"wp","href":"https:\/\/api.w.org\/{rel}","templated":true}]}}