{"id":6053,"date":"2019-06-11T15:06:32","date_gmt":"2019-06-11T12:06:32","guid":{"rendered":"http:\/\/test.garantikompozit.com\/?post_type=product&#038;p=6053"},"modified":"2019-07-02T08:08:50","modified_gmt":"2019-07-02T05:08:50","slug":"cumhurbaskanligi-koruma-yagmurluk","status":"publish","type":"product","link":"https:\/\/www.garantikompozit.com\/tr\/urun\/cumhurbaskanligi-koruma-yagmurluk\/","title":{"rendered":"Cumhurba\u015fkanl\u0131\u011f\u0131 Koruma Ya\u011fmurluk"},"content":{"rendered":"<p>i\u00e7erik<\/p>\n","protected":false},"excerpt":{"rendered":"<p>i\u00e7erik<\/p>\n","protected":false},"featured_media":6389,"template":"","meta":[],"class_list":["post-6053","product","type-product","status-publish","has-post-thumbnail","hentry","product_cat-fonksiyonel-ic-ve-dis-giyim","product_cat-yagmurluk","product_cat-yagmurluk-panco"],"_links":{"self":[{"href":"https:\/\/www.garantikompozit.com\/tr\/wp-json\/wp\/v2\/product\/6053","targetHints":{"allow":["GET"]}}],"collection":[{"href":"https:\/\/www.garantikompozit.com\/tr\/wp-json\/wp\/v2\/product"}],"about":[{"href":"https:\/\/www.garantikompozit.com\/tr\/wp-json\/wp\/v2\/types\/product"}],"wp:featuredmedia":[{"embeddable":true,"href":"https:\/\/www.garantikompozit.com\/tr\/wp-json\/wp\/v2\/media\/6389"}],"wp:attachment":[{"href":"https:\/\/www.garantikompozit.com\/tr\/wp-json\/wp\/v2\/media?parent=6053"}],"curies":[{"name":"wp","href":"https:\/\/api.w.org\/{rel}","templated":true}]}}