{"id":6052,"date":"2019-06-11T15:05:21","date_gmt":"2019-06-11T12:05:21","guid":{"rendered":"http:\/\/test.garantikompozit.com\/?post_type=product&#038;p=6052"},"modified":"2019-08-20T10:49:01","modified_gmt":"2019-08-20T07:49:01","slug":"sahil-guvenlik-polo-yakali-tisort","status":"publish","type":"product","link":"https:\/\/www.garantikompozit.com\/tr\/urun\/sahil-guvenlik-polo-yakali-tisort\/","title":{"rendered":"Sahil G\u00fcvenlik Polo Yakal\u0131 Ti\u015f\u00f6rt"},"content":{"rendered":"<p>i\u00e7erik<\/p>\n","protected":false},"excerpt":{"rendered":"<p>i\u00e7erik<\/p>\n","protected":false},"featured_media":6505,"template":"","meta":[],"class_list":["post-6052","product","type-product","status-publish","has-post-thumbnail","hentry","product_cat-fonksiyonel-ic-ve-dis-giyim","product_cat-operasyon-gomlegi","product_cat-tisort-gomlek-yakali"],"_links":{"self":[{"href":"https:\/\/www.garantikompozit.com\/tr\/wp-json\/wp\/v2\/product\/6052","targetHints":{"allow":["GET"]}}],"collection":[{"href":"https:\/\/www.garantikompozit.com\/tr\/wp-json\/wp\/v2\/product"}],"about":[{"href":"https:\/\/www.garantikompozit.com\/tr\/wp-json\/wp\/v2\/types\/product"}],"wp:featuredmedia":[{"embeddable":true,"href":"https:\/\/www.garantikompozit.com\/tr\/wp-json\/wp\/v2\/media\/6505"}],"wp:attachment":[{"href":"https:\/\/www.garantikompozit.com\/tr\/wp-json\/wp\/v2\/media?parent=6052"}],"curies":[{"name":"wp","href":"https:\/\/api.w.org\/{rel}","templated":true}]}}