{"id":6050,"date":"2019-06-11T15:04:08","date_gmt":"2019-06-11T12:04:08","guid":{"rendered":"http:\/\/test.garantikompozit.com\/?post_type=product&#038;p=6050"},"modified":"2019-08-20T11:29:04","modified_gmt":"2019-08-20T08:29:04","slug":"ozel-kuvvetler-gomlek","status":"publish","type":"product","link":"https:\/\/www.garantikompozit.com\/tr\/urun\/ozel-kuvvetler-gomlek\/","title":{"rendered":"\u00d6zel Kuvvetler G\u00f6mlek"},"content":{"rendered":"<p>i\u00e7erik<\/p>\n","protected":false},"excerpt":{"rendered":"<p>i\u00e7erik<\/p>\n","protected":false},"featured_media":7950,"template":"","meta":[],"class_list":["post-6050","product","type-product","status-publish","has-post-thumbnail","hentry","product_cat-fonksiyonel-ic-ve-dis-giyim","product_cat-gomlek","product_cat-operasyon-gomlegi"],"_links":{"self":[{"href":"https:\/\/www.garantikompozit.com\/tr\/wp-json\/wp\/v2\/product\/6050","targetHints":{"allow":["GET"]}}],"collection":[{"href":"https:\/\/www.garantikompozit.com\/tr\/wp-json\/wp\/v2\/product"}],"about":[{"href":"https:\/\/www.garantikompozit.com\/tr\/wp-json\/wp\/v2\/types\/product"}],"wp:featuredmedia":[{"embeddable":true,"href":"https:\/\/www.garantikompozit.com\/tr\/wp-json\/wp\/v2\/media\/7950"}],"wp:attachment":[{"href":"https:\/\/www.garantikompozit.com\/tr\/wp-json\/wp\/v2\/media?parent=6050"}],"curies":[{"name":"wp","href":"https:\/\/api.w.org\/{rel}","templated":true}]}}