{"id":6049,"date":"2019-06-11T15:04:03","date_gmt":"2019-06-11T12:04:03","guid":{"rendered":"http:\/\/test.garantikompozit.com\/?post_type=product&#038;p=6049"},"modified":"2019-08-20T10:49:58","modified_gmt":"2019-08-20T07:49:58","slug":"sahil-guvenlik-gomlek","status":"publish","type":"product","link":"https:\/\/www.garantikompozit.com\/tr\/urun\/sahil-guvenlik-gomlek\/","title":{"rendered":"Sahil G\u00fcvenlik G\u00f6mlek"},"content":{"rendered":"<p>i\u00e7erik<\/p>\n","protected":false},"excerpt":{"rendered":"<p>i\u00e7erik<\/p>\n","protected":false},"featured_media":6495,"template":"","meta":[],"class_list":["post-6049","product","type-product","status-publish","has-post-thumbnail","hentry","product_cat-fonksiyonel-ic-ve-dis-giyim","product_cat-gomlek","product_cat-operasyon-gomlegi"],"_links":{"self":[{"href":"https:\/\/www.garantikompozit.com\/tr\/wp-json\/wp\/v2\/product\/6049","targetHints":{"allow":["GET"]}}],"collection":[{"href":"https:\/\/www.garantikompozit.com\/tr\/wp-json\/wp\/v2\/product"}],"about":[{"href":"https:\/\/www.garantikompozit.com\/tr\/wp-json\/wp\/v2\/types\/product"}],"wp:featuredmedia":[{"embeddable":true,"href":"https:\/\/www.garantikompozit.com\/tr\/wp-json\/wp\/v2\/media\/6495"}],"wp:attachment":[{"href":"https:\/\/www.garantikompozit.com\/tr\/wp-json\/wp\/v2\/media?parent=6049"}],"curies":[{"name":"wp","href":"https:\/\/api.w.org\/{rel}","templated":true}]}}