{"id":6048,"date":"2019-06-11T14:59:17","date_gmt":"2019-06-11T11:59:17","guid":{"rendered":"http:\/\/test.garantikompozit.com\/?post_type=product&#038;p=6048"},"modified":"2019-08-20T10:50:06","modified_gmt":"2019-08-20T07:50:06","slug":"bekci-kislik-pantolon-ceket","status":"publish","type":"product","link":"https:\/\/www.garantikompozit.com\/tr\/urun\/bekci-kislik-pantolon-ceket\/","title":{"rendered":"Bek\u00e7i K\u0131\u015fl\u0131k Pantolon-Ceket"},"content":{"rendered":"<p>i\u00e7erik<\/p>\n","protected":false},"excerpt":{"rendered":"<p>i\u00e7erik<\/p>\n","protected":false},"featured_media":6386,"template":"","meta":[],"class_list":["post-6048","product","type-product","status-publish","has-post-thumbnail","hentry","product_cat-egitim-elbisesi-bdu","product_cat-fonksiyonel-ic-ve-dis-giyim"],"_links":{"self":[{"href":"https:\/\/www.garantikompozit.com\/tr\/wp-json\/wp\/v2\/product\/6048","targetHints":{"allow":["GET"]}}],"collection":[{"href":"https:\/\/www.garantikompozit.com\/tr\/wp-json\/wp\/v2\/product"}],"about":[{"href":"https:\/\/www.garantikompozit.com\/tr\/wp-json\/wp\/v2\/types\/product"}],"wp:featuredmedia":[{"embeddable":true,"href":"https:\/\/www.garantikompozit.com\/tr\/wp-json\/wp\/v2\/media\/6386"}],"wp:attachment":[{"href":"https:\/\/www.garantikompozit.com\/tr\/wp-json\/wp\/v2\/media?parent=6048"}],"curies":[{"name":"wp","href":"https:\/\/api.w.org\/{rel}","templated":true}]}}