{"id":6047,"date":"2019-06-11T14:58:56","date_gmt":"2019-06-11T11:58:56","guid":{"rendered":"http:\/\/test.garantikompozit.com\/?post_type=product&#038;p=6047"},"modified":"2019-08-20T10:50:17","modified_gmt":"2019-08-20T07:50:17","slug":"ozel-kuvvetler-kislik-pantolon-ceket-kep","status":"publish","type":"product","link":"https:\/\/www.garantikompozit.com\/tr\/urun\/ozel-kuvvetler-kislik-pantolon-ceket-kep\/","title":{"rendered":"\u00d6zel Kuvvetler K\u0131\u015fl\u0131k Pantolon-Ceket-Kep"},"content":{"rendered":"<p>i\u00e7erik<\/p>\n","protected":false},"excerpt":{"rendered":"<p>i\u00e7erik<\/p>\n","protected":false},"featured_media":6368,"template":"","meta":[],"class_list":["post-6047","product","type-product","status-publish","has-post-thumbnail","hentry","product_cat-egitim-elbisesi-bdu","product_cat-fonksiyonel-ic-ve-dis-giyim"],"_links":{"self":[{"href":"https:\/\/www.garantikompozit.com\/tr\/wp-json\/wp\/v2\/product\/6047","targetHints":{"allow":["GET"]}}],"collection":[{"href":"https:\/\/www.garantikompozit.com\/tr\/wp-json\/wp\/v2\/product"}],"about":[{"href":"https:\/\/www.garantikompozit.com\/tr\/wp-json\/wp\/v2\/types\/product"}],"wp:featuredmedia":[{"embeddable":true,"href":"https:\/\/www.garantikompozit.com\/tr\/wp-json\/wp\/v2\/media\/6368"}],"wp:attachment":[{"href":"https:\/\/www.garantikompozit.com\/tr\/wp-json\/wp\/v2\/media?parent=6047"}],"curies":[{"name":"wp","href":"https:\/\/api.w.org\/{rel}","templated":true}]}}