{"id":6045,"date":"2019-06-11T14:55:59","date_gmt":"2019-06-11T11:55:59","guid":{"rendered":"http:\/\/test.garantikompozit.com\/?post_type=product&#038;p=6045"},"modified":"2019-08-20T10:53:01","modified_gmt":"2019-08-20T07:53:01","slug":"sahil-guvenlik-kislik-pantolon-ceket-kep","status":"publish","type":"product","link":"https:\/\/www.garantikompozit.com\/tr\/urun\/sahil-guvenlik-kislik-pantolon-ceket-kep\/","title":{"rendered":"Sahil G\u00fcvenlik K\u0131\u015fl\u0131k Pantolon-Ceket-Kep"},"content":{"rendered":"<p>i\u00e7erik<\/p>\n","protected":false},"excerpt":{"rendered":"<p>i\u00e7erik<\/p>\n","protected":false},"featured_media":6499,"template":"","meta":[],"class_list":["post-6045","product","type-product","status-publish","has-post-thumbnail","hentry","product_cat-egitim-elbisesi-bdu","product_cat-fonksiyonel-ic-ve-dis-giyim"],"_links":{"self":[{"href":"https:\/\/www.garantikompozit.com\/tr\/wp-json\/wp\/v2\/product\/6045","targetHints":{"allow":["GET"]}}],"collection":[{"href":"https:\/\/www.garantikompozit.com\/tr\/wp-json\/wp\/v2\/product"}],"about":[{"href":"https:\/\/www.garantikompozit.com\/tr\/wp-json\/wp\/v2\/types\/product"}],"wp:featuredmedia":[{"embeddable":true,"href":"https:\/\/www.garantikompozit.com\/tr\/wp-json\/wp\/v2\/media\/6499"}],"wp:attachment":[{"href":"https:\/\/www.garantikompozit.com\/tr\/wp-json\/wp\/v2\/media?parent=6045"}],"curies":[{"name":"wp","href":"https:\/\/api.w.org\/{rel}","templated":true}]}}