{"id":6044,"date":"2019-06-11T14:24:06","date_gmt":"2019-06-11T11:24:06","guid":{"rendered":"http:\/\/test.garantikompozit.com\/?post_type=product&#038;p=6044"},"modified":"2019-08-20T10:53:09","modified_gmt":"2019-08-20T07:53:09","slug":"ozel-kuvvetler-yazlik-muhabere-pantolon","status":"publish","type":"product","link":"https:\/\/www.garantikompozit.com\/tr\/urun\/ozel-kuvvetler-yazlik-muhabere-pantolon\/","title":{"rendered":"\u00d6zel Kuvvetler Yazl\u0131k Muhabere Pantolon"},"content":{"rendered":"<p>i\u00e7erik<\/p>\n","protected":false},"excerpt":{"rendered":"<p>i\u00e7erik<\/p>\n","protected":false},"featured_media":6477,"template":"","meta":[],"class_list":["post-6044","product","type-product","status-publish","has-post-thumbnail","hentry","product_cat-egitim-elbisesi-bdu","product_cat-fonksiyonel-ic-ve-dis-giyim"],"_links":{"self":[{"href":"https:\/\/www.garantikompozit.com\/tr\/wp-json\/wp\/v2\/product\/6044","targetHints":{"allow":["GET"]}}],"collection":[{"href":"https:\/\/www.garantikompozit.com\/tr\/wp-json\/wp\/v2\/product"}],"about":[{"href":"https:\/\/www.garantikompozit.com\/tr\/wp-json\/wp\/v2\/types\/product"}],"wp:featuredmedia":[{"embeddable":true,"href":"https:\/\/www.garantikompozit.com\/tr\/wp-json\/wp\/v2\/media\/6477"}],"wp:attachment":[{"href":"https:\/\/www.garantikompozit.com\/tr\/wp-json\/wp\/v2\/media?parent=6044"}],"curies":[{"name":"wp","href":"https:\/\/api.w.org\/{rel}","templated":true}]}}