{"id":6041,"date":"2019-06-11T14:23:04","date_gmt":"2019-06-11T11:23:04","guid":{"rendered":"http:\/\/test.garantikompozit.com\/?post_type=product&#038;p=6041"},"modified":"2019-08-20T10:54:20","modified_gmt":"2019-08-20T07:54:20","slug":"c-baskanligi-koruma-yazlik-pantolon-ceket-kep","status":"publish","type":"product","link":"https:\/\/www.garantikompozit.com\/tr\/urun\/c-baskanligi-koruma-yazlik-pantolon-ceket-kep\/","title":{"rendered":"C.Ba\u015fkanl\u0131\u011f\u0131 Koruma Yazl\u0131k Pantolon-Ceket-Kep"},"content":{"rendered":"<p>i\u00e7erik<\/p>\n","protected":false},"excerpt":{"rendered":"<p>i\u00e7erik<\/p>\n","protected":false},"featured_media":6394,"template":"","meta":[],"class_list":["post-6041","product","type-product","status-publish","has-post-thumbnail","hentry","product_cat-egitim-elbisesi-bdu","product_cat-fonksiyonel-ic-ve-dis-giyim"],"_links":{"self":[{"href":"https:\/\/www.garantikompozit.com\/tr\/wp-json\/wp\/v2\/product\/6041","targetHints":{"allow":["GET"]}}],"collection":[{"href":"https:\/\/www.garantikompozit.com\/tr\/wp-json\/wp\/v2\/product"}],"about":[{"href":"https:\/\/www.garantikompozit.com\/tr\/wp-json\/wp\/v2\/types\/product"}],"wp:featuredmedia":[{"embeddable":true,"href":"https:\/\/www.garantikompozit.com\/tr\/wp-json\/wp\/v2\/media\/6394"}],"wp:attachment":[{"href":"https:\/\/www.garantikompozit.com\/tr\/wp-json\/wp\/v2\/media?parent=6041"}],"curies":[{"name":"wp","href":"https:\/\/api.w.org\/{rel}","templated":true}]}}