{"id":6038,"date":"2019-06-11T14:13:45","date_gmt":"2019-06-11T11:13:45","guid":{"rendered":"http:\/\/test.garantikompozit.com\/?post_type=product&#038;p=6038"},"modified":"2019-08-20T10:54:48","modified_gmt":"2019-08-20T07:54:48","slug":"cumhurbaskanligi-izolasyon-kiyafeti-30-derece","status":"publish","type":"product","link":"https:\/\/www.garantikompozit.com\/tr\/urun\/cumhurbaskanligi-izolasyon-kiyafeti-30-derece\/","title":{"rendered":"Cumhurba\u015fkanl\u0131\u011f\u0131 \u0130zolasyon K\u0131yafeti -30 Derece"},"content":{"rendered":"<p>i\u00e7erik<\/p>\n","protected":false},"excerpt":{"rendered":"<p>i\u00e7erik<\/p>\n","protected":false},"featured_media":6397,"template":"","meta":[],"class_list":["post-6038","product","type-product","status-publish","has-post-thumbnail","hentry","product_cat-fonksiyonel-ic-ve-dis-giyim","product_cat-soguk-iklim-kiyafetleri","product_cat-su-gecirmez-ve-nefes-alabilen-kiyafetler"],"_links":{"self":[{"href":"https:\/\/www.garantikompozit.com\/tr\/wp-json\/wp\/v2\/product\/6038","targetHints":{"allow":["GET"]}}],"collection":[{"href":"https:\/\/www.garantikompozit.com\/tr\/wp-json\/wp\/v2\/product"}],"about":[{"href":"https:\/\/www.garantikompozit.com\/tr\/wp-json\/wp\/v2\/types\/product"}],"wp:featuredmedia":[{"embeddable":true,"href":"https:\/\/www.garantikompozit.com\/tr\/wp-json\/wp\/v2\/media\/6397"}],"wp:attachment":[{"href":"https:\/\/www.garantikompozit.com\/tr\/wp-json\/wp\/v2\/media?parent=6038"}],"curies":[{"name":"wp","href":"https:\/\/api.w.org\/{rel}","templated":true}]}}