{"id":6037,"date":"2019-06-11T14:13:09","date_gmt":"2019-06-11T11:13:09","guid":{"rendered":"http:\/\/test.garantikompozit.com\/?post_type=product&#038;p=6037"},"modified":"2019-08-20T10:54:56","modified_gmt":"2019-08-20T07:54:56","slug":"rus-kayak-takimi-izolasyon-kiyafeti","status":"publish","type":"product","link":"https:\/\/www.garantikompozit.com\/tr\/urun\/rus-kayak-takimi-izolasyon-kiyafeti\/","title":{"rendered":"Rus Kayak Tak\u0131m\u0131 Izolasyon K\u0131yafeti"},"content":{"rendered":"<p>i\u00e7erik<\/p>\n","protected":false},"excerpt":{"rendered":"<p>i\u00e7erik<\/p>\n","protected":false},"featured_media":6340,"template":"","meta":[],"class_list":["post-6037","product","type-product","status-publish","has-post-thumbnail","hentry","product_cat-fonksiyonel-ic-ve-dis-giyim","product_cat-izolasyon-kiyafetler","product_cat-su-gecirmez-ve-nefes-alabilen-kiyafetler"],"_links":{"self":[{"href":"https:\/\/www.garantikompozit.com\/tr\/wp-json\/wp\/v2\/product\/6037","targetHints":{"allow":["GET"]}}],"collection":[{"href":"https:\/\/www.garantikompozit.com\/tr\/wp-json\/wp\/v2\/product"}],"about":[{"href":"https:\/\/www.garantikompozit.com\/tr\/wp-json\/wp\/v2\/types\/product"}],"wp:featuredmedia":[{"embeddable":true,"href":"https:\/\/www.garantikompozit.com\/tr\/wp-json\/wp\/v2\/media\/6340"}],"wp:attachment":[{"href":"https:\/\/www.garantikompozit.com\/tr\/wp-json\/wp\/v2\/media?parent=6037"}],"curies":[{"name":"wp","href":"https:\/\/api.w.org\/{rel}","templated":true}]}}