{"id":6033,"date":"2019-06-11T14:09:21","date_gmt":"2019-06-11T11:09:21","guid":{"rendered":"http:\/\/test.garantikompozit.com\/?post_type=product&#038;p=6033"},"modified":"2019-08-20T10:56:03","modified_gmt":"2019-08-20T07:56:03","slug":"cumhurbaskanligi-koruma-softshell-mont","status":"publish","type":"product","link":"https:\/\/www.garantikompozit.com\/tr\/urun\/cumhurbaskanligi-koruma-softshell-mont\/","title":{"rendered":"Cumhurba\u015fkanl\u0131\u011f\u0131 Koruma Softshell Mont"},"content":{"rendered":"<p>i\u00e7erik<\/p>\n","protected":false},"excerpt":{"rendered":"<p>i\u00e7erik<\/p>\n","protected":false},"featured_media":6363,"template":"","meta":[],"class_list":["post-6033","product","type-product","status-publish","has-post-thumbnail","hentry","product_cat-alternatif-uygulayabilecegimiz-kamuflajlar","product_cat-fonksiyonel-ic-ve-dis-giyim","product_cat-su-gecirmez-ve-nefes-alabilen-kiyafetler"],"_links":{"self":[{"href":"https:\/\/www.garantikompozit.com\/tr\/wp-json\/wp\/v2\/product\/6033","targetHints":{"allow":["GET"]}}],"collection":[{"href":"https:\/\/www.garantikompozit.com\/tr\/wp-json\/wp\/v2\/product"}],"about":[{"href":"https:\/\/www.garantikompozit.com\/tr\/wp-json\/wp\/v2\/types\/product"}],"wp:featuredmedia":[{"embeddable":true,"href":"https:\/\/www.garantikompozit.com\/tr\/wp-json\/wp\/v2\/media\/6363"}],"wp:attachment":[{"href":"https:\/\/www.garantikompozit.com\/tr\/wp-json\/wp\/v2\/media?parent=6033"}],"curies":[{"name":"wp","href":"https:\/\/api.w.org\/{rel}","templated":true}]}}