{"id":6029,"date":"2020-12-27T10:50:04","date_gmt":"2020-12-27T07:50:04","guid":{"rendered":"http:\/\/test.garantikompozit.com\/?post_type=product&#038;p=6029"},"modified":"2020-12-30T13:18:09","modified_gmt":"2020-12-30T10:18:09","slug":"balistik-koruyucu-tasima-cantasi","status":"publish","type":"product","link":"https:\/\/www.garantikompozit.com\/tr\/urun\/balistik-koruyucu-tasima-cantasi\/","title":{"rendered":"Balistik Koruyucu Ta\u015f\u0131ma \u00c7antas\u0131"},"content":{"rendered":"<p><strong>BAL\u0130ST\u0130K \u00c7ANTA TEKN\u0130K \u00d6ZELL\u0130KLER\u0130 : <\/strong><\/p>\n<p>Balistik Malzeme UHMWPE<\/p>\n<p>Koruma seviyesi NIJ Seviye IIIA<\/p>\n<p>\u00d6l\u00e7\u00fcleri \u00a055 cm x 40cm (kapal\u0131yken) &#8211; 55cm x 120 cm (a\u00e7ikken)<\/p>\n<p><strong>A\u011f\u0131rl\u0131k 7,3 kg<\/strong><\/p>\n<p>\u00c7anta K\u0131l\u0131f\u0131 Naylon<\/p>\n<p>Renk Siyah<\/p>\n<p><strong>\u00a0<\/strong><\/p>\n<p><strong>BAL\u0130ST\u0130K \u00c7ANTA TEKN\u0130K \u00d6ZELL\u0130KLER\u0130 : <\/strong><\/p>\n<p>Balistik Malzeme UHMWPE<\/p>\n<p>Koruma seviyesi NIJ Seviye IIIA<\/p>\n<p>\u00d6l\u00e7\u00fcleri \u00a055 cm x 40cm (kapal\u0131yken) &#8211; 55cm x 120 cm (a\u00e7ikken)<\/p>\n<p><strong>A\u011f\u0131rl\u0131k 4,5 kg<\/strong><\/p>\n<p>\u00c7anta K\u0131l\u0131f\u0131 Naylon<\/p>\n<p>Renk Siyah<\/p>\n<p><strong>\u00a0<\/strong><\/p>\n<p><strong>BAL\u0130ST\u0130K \u00c7ANTA TEKN\u0130K \u00d6ZELL\u0130KLER\u0130 : <\/strong><\/p>\n<p>Balistik Malzeme UHMWPE<\/p>\n<p>Koruma seviyesi NIJ Seviye IIIA<\/p>\n<p>\u00d6l\u00e7\u00fcleri \u00a055 cm x 40cm (kapal\u0131yken) &#8211; 55cm x 120 cm (a\u00e7ikken)<\/p>\n<p><strong>A\u011f\u0131rl\u0131k 13,9 kg<\/strong><\/p>\n<p>\u00c7anta K\u0131l\u0131f\u0131 Naylon<\/p>\n<p>Renk Siyah<\/p>\n","protected":false},"excerpt":{"rendered":"<p>Ultra hafif balistik koruyucu \u00e7antam\u0131z , normal bir \u00e7anta g\u00f6r\u00fcnt\u00fcs\u00fcyle beraber h\u0131zl\u0131 a\u00e7\u0131labilir ve kolay kullanabilir \u015fekilde m\u00fc\u015fterilere \u00a0sunulmu\u015ftur.<\/p>\n<p>\u00dc\u00e7 par\u00e7adan olu\u015fan \u00e7anta \u00e7e\u015fitli koruma seviyelerine g\u00f6re \u00fcretilebilir. M\u00fc\u015fterilerin ihtiya\u00e7lar\u0131na g\u00f6re de\u011fi\u015fik renk ve ebatlarda \u00fcretilebilmektedir.<\/p>\n","protected":false},"featured_media":6535,"template":"","meta":[],"class_list":["post-6029","product","type-product","status-publish","has-post-thumbnail","hentry","product_cat-balistik-kiyafet-ve-ekipmanlar","product_cat-balistik-koruyucu-basliklar-ve-aksesuarlar"],"_links":{"self":[{"href":"https:\/\/www.garantikompozit.com\/tr\/wp-json\/wp\/v2\/product\/6029","targetHints":{"allow":["GET"]}}],"collection":[{"href":"https:\/\/www.garantikompozit.com\/tr\/wp-json\/wp\/v2\/product"}],"about":[{"href":"https:\/\/www.garantikompozit.com\/tr\/wp-json\/wp\/v2\/types\/product"}],"wp:featuredmedia":[{"embeddable":true,"href":"https:\/\/www.garantikompozit.com\/tr\/wp-json\/wp\/v2\/media\/6535"}],"wp:attachment":[{"href":"https:\/\/www.garantikompozit.com\/tr\/wp-json\/wp\/v2\/media?parent=6029"}],"curies":[{"name":"wp","href":"https:\/\/api.w.org\/{rel}","templated":true}]}}