{"id":6028,"date":"2020-12-27T10:10:58","date_gmt":"2020-12-27T07:10:58","guid":{"rendered":"http:\/\/test.garantikompozit.com\/?post_type=product&#038;p=6028"},"modified":"2021-04-16T14:46:27","modified_gmt":"2021-04-16T11:46:27","slug":"mayin-arama-techizati","status":"publish","type":"product","link":"https:\/\/www.garantikompozit.com\/tr\/urun\/mayin-arama-techizati\/","title":{"rendered":"May\u0131n Arama Te\u00e7hizat\u0131"},"content":{"rendered":"<p><strong>Koruyucu Elbise Teknik \u00d6zellikler :<\/strong><\/p>\n<ul>\n<li>STANAG 2920 standard\u0131na g\u00f6re 1,1 gr. \u015farapnele kar\u015f\u0131 koruma seviyesi en az 450 m\/s&#8217;dir.<\/li>\n<li>Max. 7600 gr.(Eldiven ve may\u0131n \u015fi\u015f hari\u00e7)<\/li>\n<li>Boyutlar: 80x33x24 cm (Ta\u015f\u0131ma \u00e7antas\u0131 ile)<\/li>\n<\/ul>\n<p><strong>Koruyucu Viz\u00f6r Teknik \u00d6zellikler :<\/strong><\/p>\n<ul>\n<li>Malzeme : Polikarbonat.<\/li>\n<li>Viz\u00f6r Uzunlu\u011fu : 300 mm<\/li>\n<li>Viz\u00f6r Koruma Alan\u0131 : 1265 cm\u00b2<\/li>\n<li>Boyutlar : 33 x 25 cm<\/li>\n<li>A\u011f\u0131rl\u0131k : 1100 gr.<\/li>\n<li style=\"list-style-type:square\"> T\u00fcm \u00f6l\u00e7\u00fcler +-%8 toleransl\u0131d\u0131r.<\/li>\n<\/ul>\n<p><strong>May\u0131n Arama \u015ei\u015fi :<\/strong><\/p>\n<ul>\n<li>A\u011f\u0131rl\u0131k : Max. 300 gr<\/li>\n<li>\u015ei\u015f uzunlu\u011fu (tutamak yeri hari\u00e7) : 30 (+-2) cm<\/li>\n<li>Non-manyetik \u00f6zellikte olup Titanyumdan \u00fcretilmi\u015ftir.<\/li>\n<li>I ve T \u015feklinde kullan\u0131labilir.<\/li>\n<\/ul>\n<p><strong>May\u0131n Koruyucu Eldiven :<\/strong><\/p>\n<ul>\n<li>STANAG 2920 standard\u0131na g\u00f6re 1,1 gr. \u015farapnele kar\u015f\u0131 koruma seviyesi en az 450 m\/s&#8217;dir.<\/li>\n<li>\u00dcr\u00fcn\u00fcm\u00fcz, IMAS 10.30 standard\u0131na uygun \u00fcretilmi\u015ftir.<\/li>\n<\/ul>\n","protected":false},"excerpt":{"rendered":"<p><strong>Koruyucu Elbise<\/strong><\/p>\n<ul>\n<li>Eller, kollar ve bacaklarda ek korumalar mevcuttur.<\/li>\n<li>Son derece hafiftir.<\/li>\n<li>Giyimi, \u00e7\u0131karmas\u0131 kolay ve rahatt\u0131r.<\/li>\n<li>Farkl\u0131 beden ve renk se\u00e7enekleri mevcuttur.<\/li>\n<li>S\u0131cak havalarda kullan\u0131m rahatl\u0131\u011f\u0131 sa\u011flar.<\/li>\n<li>Kolay y\u0131kanabilir ve temizlenebilir.<\/li>\n<li>Hijyeniktir.<\/li>\n<\/ul>\n<p><strong>Koruyucu Viz\u00f6r<\/strong><\/p>\n<ul>\n<li>Kullan\u0131c\u0131n\u0131n t\u00fcm y\u00fcz ve boyun k\u0131sm\u0131n\u0131 koruyan y\u00fcksek mukavemetli 5mm kal\u0131nl\u0131\u011f\u0131nda polikarbonat malzemeden \u00fcretilmi\u015ftir.<\/li>\n<li>Son derece hafiftir.<\/li>\n<li>Tak\u0131p \u00e7\u0131karmas\u0131 kolay ve rahatt\u0131r.<\/li>\n<li>Ergonomik ve kullan\u0131\u015fl\u0131 ba\u015f ve \u00e7ene band\u0131 mevcuttur.<\/li>\n<li>T\u00fcm a\u00e7\u0131lardan net g\u00f6r\u00fc\u015f sa\u011flar.<\/li>\n<li>A\u015f\u0131n\u0131p y\u0131prand\u0131\u011f\u0131nda de\u011fi\u015ftirilebilir d\u0131\u015f viz\u00f6re sahiptir.<\/li>\n<li>STANAG 2920 standard\u0131na g\u00f6re 1,1 gram \u015farapnele kar\u015f\u0131 koruma seviyesi en az 250 m\/s&#8217;dir.<\/li>\n<li>Ta\u015f\u0131ma \u00e7antas\u0131 i\u00e7inde sunulmaktad\u0131r.<\/li>\n<\/ul>\n","protected":false},"featured_media":14645,"template":"","meta":[],"class_list":["post-6028","product","type-product","status-publish","has-post-thumbnail","hentry","product_cat-balistik-kiyafet-ve-ekipmanlar"],"_links":{"self":[{"href":"https:\/\/www.garantikompozit.com\/tr\/wp-json\/wp\/v2\/product\/6028","targetHints":{"allow":["GET"]}}],"collection":[{"href":"https:\/\/www.garantikompozit.com\/tr\/wp-json\/wp\/v2\/product"}],"about":[{"href":"https:\/\/www.garantikompozit.com\/tr\/wp-json\/wp\/v2\/types\/product"}],"wp:featuredmedia":[{"embeddable":true,"href":"https:\/\/www.garantikompozit.com\/tr\/wp-json\/wp\/v2\/media\/14645"}],"wp:attachment":[{"href":"https:\/\/www.garantikompozit.com\/tr\/wp-json\/wp\/v2\/media?parent=6028"}],"curies":[{"name":"wp","href":"https:\/\/api.w.org\/{rel}","templated":true}]}}