{"id":6027,"date":"2020-12-22T13:00:56","date_gmt":"2020-12-22T10:00:56","guid":{"rendered":"http:\/\/test.garantikompozit.com\/?post_type=product&#038;p=6027"},"modified":"2021-04-08T14:16:53","modified_gmt":"2021-04-08T11:16:53","slug":"lazer-kesim-tokali-cabuk-cikarilabilen-plaka-tasiyici-yelek","status":"publish","type":"product","link":"https:\/\/www.garantikompozit.com\/tr\/urun\/lazer-kesim-tokali-cabuk-cikarilabilen-plaka-tasiyici-yelek\/","title":{"rendered":"Lazer Kesim Tokal\u0131 \u00c7abuk \u00c7\u0131kar\u0131labilen Plaka Ta\u015f\u0131y\u0131c\u0131 Yelek"},"content":{"rendered":"<ul>\n<li>Model no &#8211; GG-PCR-0004<\/li>\n<li>Laser \u00a0kesim molle sistemi, tokal\u0131 \u00e7abuk \u00e7\u0131kar\u0131labilen plaka ta\u015f\u0131y\u0131c\u0131 yelek<\/li>\n<li>Omuzlardan ve belden \u00e7abuk \u00e7\u0131kar\u0131labilen toka sistemi<\/li>\n<li>Omuzlardan ve belden bedenlere g\u00f6re ayarlanabilir<\/li>\n<li>Yelek a\u011f\u0131rl\u0131\u011f\u0131 : 1125 gram<\/li>\n<li>Plaka cebi \u00f6l\u00e7\u00fcs\u00fc : 25x30cm<\/li>\n<li>D\u0131\u015f kuma\u015f : Polyamid 6.6 700D<\/li>\n<li>Aksesuarlar: Yok<\/li>\n<li>Plaka cepleri : \u00f6n, arka<\/li>\n<\/ul>\n","protected":false},"excerpt":{"rendered":"<p>Model no &#8211; GG-PCR-0004 Laser \u00a0kesim molle sistemi, tokal\u0131 \u00e7abuk \u00e7\u0131kar\u0131labilen plaka ta\u015f\u0131y\u0131c\u0131 yelek Omuzlardan ve belden \u00e7abuk \u00e7\u0131kar\u0131labilen toka sistemi Omuzlardan ve belden bedenlere g\u00f6re ayarlanabilir Yelek a\u011f\u0131rl\u0131\u011f\u0131 : 1125 gram Plaka cebi \u00f6l\u00e7\u00fcs\u00fc : 25x30cm D\u0131\u015f kuma\u015f : Polyamid 6.6 700D Aksesuarlar: Yok Plaka cepleri : \u00f6n, arka<\/p>\n","protected":false},"featured_media":13053,"template":"","meta":[],"class_list":["post-6027","product","type-product","status-publish","has-post-thumbnail","hentry","product_cat-balistik-koruyucu-plaka-tasiyici-yelekler","product_cat-balistik-koruyucu-yelekler"],"_links":{"self":[{"href":"https:\/\/www.garantikompozit.com\/tr\/wp-json\/wp\/v2\/product\/6027","targetHints":{"allow":["GET"]}}],"collection":[{"href":"https:\/\/www.garantikompozit.com\/tr\/wp-json\/wp\/v2\/product"}],"about":[{"href":"https:\/\/www.garantikompozit.com\/tr\/wp-json\/wp\/v2\/types\/product"}],"wp:featuredmedia":[{"embeddable":true,"href":"https:\/\/www.garantikompozit.com\/tr\/wp-json\/wp\/v2\/media\/13053"}],"wp:attachment":[{"href":"https:\/\/www.garantikompozit.com\/tr\/wp-json\/wp\/v2\/media?parent=6027"}],"curies":[{"name":"wp","href":"https:\/\/api.w.org\/{rel}","templated":true}]}}