{"id":6026,"date":"2020-12-22T12:35:59","date_gmt":"2020-12-22T09:35:59","guid":{"rendered":"http:\/\/test.garantikompozit.com\/?post_type=product&#038;p=6026"},"modified":"2021-03-11T18:12:27","modified_gmt":"2021-03-11T15:12:27","slug":"lazer-kesim-plastik-kablolu-cabuk-cikarilabilen-plaka-tasiyici-yelek","status":"publish","type":"product","link":"https:\/\/www.garantikompozit.com\/tr\/urun\/lazer-kesim-plastik-kablolu-cabuk-cikarilabilen-plaka-tasiyici-yelek\/","title":{"rendered":"Lazer Kesim Plastik Kablolu \u00c7abuk \u00c7\u0131kar\u0131labilen Plaka Ta\u015f\u0131y\u0131c\u0131 Yelek"},"content":{"rendered":"<p>i\u00e7erik<\/p>\n","protected":false},"excerpt":{"rendered":"<p>i\u00e7erik<\/p>\n","protected":false},"featured_media":13029,"template":"","meta":[],"class_list":["post-6026","product","type-product","status-publish","has-post-thumbnail","hentry","product_cat-balistik-koruyucu-plaka-tasiyici-yelekler","product_cat-balistik-koruyucu-yelekler"],"_links":{"self":[{"href":"https:\/\/www.garantikompozit.com\/tr\/wp-json\/wp\/v2\/product\/6026","targetHints":{"allow":["GET"]}}],"collection":[{"href":"https:\/\/www.garantikompozit.com\/tr\/wp-json\/wp\/v2\/product"}],"about":[{"href":"https:\/\/www.garantikompozit.com\/tr\/wp-json\/wp\/v2\/types\/product"}],"wp:featuredmedia":[{"embeddable":true,"href":"https:\/\/www.garantikompozit.com\/tr\/wp-json\/wp\/v2\/media\/13029"}],"wp:attachment":[{"href":"https:\/\/www.garantikompozit.com\/tr\/wp-json\/wp\/v2\/media?parent=6026"}],"curies":[{"name":"wp","href":"https:\/\/api.w.org\/{rel}","templated":true}]}}