{"id":6024,"date":"2020-12-22T12:22:08","date_gmt":"2020-12-22T09:22:08","guid":{"rendered":"http:\/\/test.garantikompozit.com\/?post_type=product&#038;p=6024"},"modified":"2021-04-08T14:21:17","modified_gmt":"2021-04-08T11:21:17","slug":"cok-amacli-cabuk-cikarilabilen-plaka-tasiyici-yelek-deniz-kk","status":"publish","type":"product","link":"https:\/\/www.garantikompozit.com\/tr\/urun\/cok-amacli-cabuk-cikarilabilen-plaka-tasiyici-yelek-deniz-kk\/","title":{"rendered":"\u00c7ok Ama\u00e7l\u0131 \u00c7abuk \u00c7\u0131kar\u0131labilen Plaka Ta\u015f\u0131y\u0131c\u0131 Yelek  &#8211; Deniz KK"},"content":{"rendered":"<ul>\n<li>Model no &#8211; GG-PCR-0005<\/li>\n<li>Kablolu, \u00e7abuk \u00e7\u0131kar\u0131labilen plaka ta\u015f\u0131y\u0131c\u0131 (2)<\/li>\n<li>Omuzlardan ve belden bedenlere g\u00f6re ayarlanabilir<\/li>\n<li>Yelek a\u011f\u0131rl\u0131\u011f\u0131 : 2150 gram<\/li>\n<li>Plaka cebi \u00f6l\u00e7\u00fcs\u00fc : 25x30cm 10\u2019\u2019x12\u2019\u2019<\/li>\n<li>D\u0131\u015f kuma\u015f : Polyamid 6.6 700D<\/li>\n<li>Aksesuarlar: 4 adet \u015farj\u00f6r cep, 1 adet telsiz cep,<\/li>\n<li>Plaka cepleri : \u00d6n, arka, yan<\/li>\n<\/ul>\n","protected":false},"excerpt":{"rendered":"<p>Model no &#8211; GG-PCR-0005 Kablolu, \u00e7abuk \u00e7\u0131kar\u0131labilen plaka ta\u015f\u0131y\u0131c\u0131 (2) Omuzlardan ve belden bedenlere g\u00f6re ayarlanabilir Yelek a\u011f\u0131rl\u0131\u011f\u0131 : 2150 gram Plaka cebi \u00f6l\u00e7\u00fcs\u00fc : 25x30cm 10\u2019\u2019x12\u2019\u2019 D\u0131\u015f kuma\u015f : Polyamid 6.6 700D Aksesuarlar: 4 adet \u015farj\u00f6r cep, 1 adet telsiz cep, Plaka cepleri : \u00d6n, arka, yan<\/p>\n","protected":false},"featured_media":13086,"template":"","meta":[],"class_list":["post-6024","product","type-product","status-publish","has-post-thumbnail","hentry","product_cat-balistik-koruyucu-plaka-tasiyici-yelekler","product_cat-balistik-koruyucu-yelekler"],"_links":{"self":[{"href":"https:\/\/www.garantikompozit.com\/tr\/wp-json\/wp\/v2\/product\/6024","targetHints":{"allow":["GET"]}}],"collection":[{"href":"https:\/\/www.garantikompozit.com\/tr\/wp-json\/wp\/v2\/product"}],"about":[{"href":"https:\/\/www.garantikompozit.com\/tr\/wp-json\/wp\/v2\/types\/product"}],"wp:featuredmedia":[{"embeddable":true,"href":"https:\/\/www.garantikompozit.com\/tr\/wp-json\/wp\/v2\/media\/13086"}],"wp:attachment":[{"href":"https:\/\/www.garantikompozit.com\/tr\/wp-json\/wp\/v2\/media?parent=6024"}],"curies":[{"name":"wp","href":"https:\/\/api.w.org\/{rel}","templated":true}]}}