{"id":6023,"date":"2020-12-22T12:00:29","date_gmt":"2020-12-22T09:00:29","guid":{"rendered":"http:\/\/test.garantikompozit.com\/?post_type=product&#038;p=6023"},"modified":"2020-12-28T15:31:07","modified_gmt":"2020-12-28T12:31:07","slug":"cabuk-cikarilabilen-plaka-tasiyici-yelek-2-cift-kablolu","status":"publish","type":"product","link":"https:\/\/www.garantikompozit.com\/tr\/urun\/cabuk-cikarilabilen-plaka-tasiyici-yelek-2-cift-kablolu\/","title":{"rendered":"\u00c7abuk \u00c7\u0131kar\u0131labilen Plaka Ta\u015f\u0131y\u0131c\u0131 Yelek 2 \u2013 \u00c7ift Kablolu"},"content":{"rendered":"<p>i\u00e7erik<\/p>\n","protected":false},"excerpt":{"rendered":"<p>i\u00e7erik<\/p>\n","protected":false},"featured_media":6404,"template":"","meta":[],"class_list":["post-6023","product","type-product","status-publish","has-post-thumbnail","hentry","product_cat-balistik-koruyucu-plaka-tasiyici-yelekler","product_cat-balistik-koruyucu-yelekler"],"_links":{"self":[{"href":"https:\/\/www.garantikompozit.com\/tr\/wp-json\/wp\/v2\/product\/6023","targetHints":{"allow":["GET"]}}],"collection":[{"href":"https:\/\/www.garantikompozit.com\/tr\/wp-json\/wp\/v2\/product"}],"about":[{"href":"https:\/\/www.garantikompozit.com\/tr\/wp-json\/wp\/v2\/types\/product"}],"wp:featuredmedia":[{"embeddable":true,"href":"https:\/\/www.garantikompozit.com\/tr\/wp-json\/wp\/v2\/media\/6404"}],"wp:attachment":[{"href":"https:\/\/www.garantikompozit.com\/tr\/wp-json\/wp\/v2\/media?parent=6023"}],"curies":[{"name":"wp","href":"https:\/\/api.w.org\/{rel}","templated":true}]}}