{"id":6022,"date":"2020-12-22T11:55:06","date_gmt":"2020-12-22T08:55:06","guid":{"rendered":"http:\/\/test.garantikompozit.com\/?post_type=product&#038;p=6022"},"modified":"2020-12-28T15:30:56","modified_gmt":"2020-12-28T12:30:56","slug":"cabuk-cikarilabilen-plaka-tasiyici-yelek-1-cumhurbaskanligi-koruma","status":"publish","type":"product","link":"https:\/\/www.garantikompozit.com\/tr\/urun\/cabuk-cikarilabilen-plaka-tasiyici-yelek-1-cumhurbaskanligi-koruma\/","title":{"rendered":"\u00c7abuk \u00c7\u0131kar\u0131labilen Plaka Ta\u015f\u0131y\u0131c\u0131 Yelek 1 \u2013 Cumhurba\u015fkanl\u0131\u011f\u0131 Koruma"},"content":{"rendered":"<p>i\u00e7erik<\/p>\n","protected":false},"excerpt":{"rendered":"<p>i\u00e7erik<\/p>\n","protected":false},"featured_media":6401,"template":"","meta":[],"class_list":["post-6022","product","type-product","status-publish","has-post-thumbnail","hentry","product_cat-balistik-koruyucu-plaka-tasiyici-yelekler","product_cat-balistik-koruyucu-yelekler"],"_links":{"self":[{"href":"https:\/\/www.garantikompozit.com\/tr\/wp-json\/wp\/v2\/product\/6022","targetHints":{"allow":["GET"]}}],"collection":[{"href":"https:\/\/www.garantikompozit.com\/tr\/wp-json\/wp\/v2\/product"}],"about":[{"href":"https:\/\/www.garantikompozit.com\/tr\/wp-json\/wp\/v2\/types\/product"}],"wp:featuredmedia":[{"embeddable":true,"href":"https:\/\/www.garantikompozit.com\/tr\/wp-json\/wp\/v2\/media\/6401"}],"wp:attachment":[{"href":"https:\/\/www.garantikompozit.com\/tr\/wp-json\/wp\/v2\/media?parent=6022"}],"curies":[{"name":"wp","href":"https:\/\/api.w.org\/{rel}","templated":true}]}}