{"id":6021,"date":"2020-12-22T11:50:58","date_gmt":"2020-12-22T08:50:58","guid":{"rendered":"http:\/\/test.garantikompozit.com\/?post_type=product&#038;p=6021"},"modified":"2020-12-28T15:30:48","modified_gmt":"2020-12-28T12:30:48","slug":"ic-balistik-yelek-seviye-iiia","status":"publish","type":"product","link":"https:\/\/www.garantikompozit.com\/tr\/urun\/ic-balistik-yelek-seviye-iiia\/","title":{"rendered":"\u0130\u00e7 Balistik Yelek Seviye IIIA"},"content":{"rendered":"<table border=\"0\" width=\"743\" cellspacing=\"0\" cellpadding=\"0\">\n<colgroup>\n<col \/>\n<col span=\"2\" \/><\/colgroup>\n<tbody>\n<tr>\n<td height=\"21\"><strong>Beden<\/strong><\/td>\n<td><strong>Toplam Koruma Alan\u0131 (dm2)<\/strong><\/td>\n<td><strong>Toplam Balistik Paket A\u011f\u0131rl\u0131\u011f\u0131 (gr)<\/strong><\/td>\n<\/tr>\n<tr>\n<td height=\"27\"><strong>S<\/strong><\/td>\n<td>25.6<\/td>\n<td>1630<\/td>\n<\/tr>\n<tr>\n<td height=\"27\"><strong>M<\/strong><\/td>\n<td>27.3<\/td>\n<td>1760<\/td>\n<\/tr>\n<tr>\n<td height=\"27\"><strong>L<\/strong><\/td>\n<td>29.5<\/td>\n<td>1900<\/td>\n<\/tr>\n<tr>\n<td height=\"27\"><strong>XL<\/strong><\/td>\n<td>31.8<\/td>\n<td>2100<\/td>\n<\/tr>\n<tr>\n<td height=\"27\"><strong>XXL<\/strong><\/td>\n<td>33.9<\/td>\n<td>2225<\/td>\n<\/tr>\n<\/tbody>\n<\/table>\n","protected":false},"excerpt":{"rendered":"<p>\u0130\u00e7 balistik koruyucu yelekler g\u00f6mlek alt\u0131na giyilerek kullan\u0131c\u0131n\u0131n balistik koruma alt\u0131nda oldu\u011funun fark edilmemesi amac\u0131yla tasarlanm\u0131\u015ft\u0131r. Askeri ve Polis personeline ilaveten VIP ler, \u00fcst kademe y\u00f6neticiler, de\u011ferli malzeme ta\u015f\u0131yan ki\u015filer taraf\u0131ndan kullan\u0131lmaktad\u0131r. Bu \u00fcr\u00fcn hafif tabanca mermilerine kar\u015f\u0131 koruma sa\u011flamaktad\u0131r.<\/p>\n<ul>\n<li>NIJ0101.06 Seviye IIIA koruma seviyesinde 4 farkl\u0131 beden olarak \u00fcretilmektedir.<\/li>\n<li>Bedenlere g\u00f6re koruma alanlar\u0131 ve balistik paket a\u011f\u0131rl\u0131klar\u0131 a\u015fa\u011f\u0131daki gibidir;<\/li>\n<\/ul>\n","protected":false},"featured_media":6425,"template":"","meta":[],"class_list":["post-6021","product","type-product","status-publish","has-post-thumbnail","hentry","product_cat-balistik-koruyucu-yelekler","product_cat-ic-balistik-koruyucu-yelekler"],"_links":{"self":[{"href":"https:\/\/www.garantikompozit.com\/tr\/wp-json\/wp\/v2\/product\/6021","targetHints":{"allow":["GET"]}}],"collection":[{"href":"https:\/\/www.garantikompozit.com\/tr\/wp-json\/wp\/v2\/product"}],"about":[{"href":"https:\/\/www.garantikompozit.com\/tr\/wp-json\/wp\/v2\/types\/product"}],"wp:featuredmedia":[{"embeddable":true,"href":"https:\/\/www.garantikompozit.com\/tr\/wp-json\/wp\/v2\/media\/6425"}],"wp:attachment":[{"href":"https:\/\/www.garantikompozit.com\/tr\/wp-json\/wp\/v2\/media?parent=6021"}],"curies":[{"name":"wp","href":"https:\/\/api.w.org\/{rel}","templated":true}]}}