{"id":5733,"date":"2019-05-20T15:51:43","date_gmt":"2019-05-20T12:51:43","guid":{"rendered":"http:\/\/test.garantikompozit.com\/?post_type=product&#038;p=5733"},"modified":"2019-08-20T10:59:04","modified_gmt":"2019-08-20T07:59:04","slug":"yanmasi-geciktirilmis-kiyafet","status":"publish","type":"product","link":"https:\/\/www.garantikompozit.com\/tr\/urun\/yanmasi-geciktirilmis-kiyafet\/","title":{"rendered":"Termal \u00c7evik Kuvvet &#8211; Yanmas\u0131 Geciktirilmi\u015f K\u0131yafet"},"content":{"rendered":"<div class=\"fl w87 ml30 argePageTitle fl mt20\">\u00dcr\u00fcn \u00d6zellikleri<\/div>\n<div class=\"fl w100 productKeyFeatures\">\n<div class=\"fl w87 productKeyFeatureWrapper\">D\u0131\u015f sahada kullan\u0131m maksad\u0131 i\u00e7in bu t\u00fcr k\u0131yafetlerin \u00e7ok katmanl\u0131 olup birbirine laminasyon ile hem \u0131s\u0131 ve aleve dayan\u0131kl\u0131 hem nefes alabilir hem de su ge\u00e7irmez yap\u0131da olmas\u0131 gerekmektedir.\u00a0 Pantolon Ceket \u2013 Ba\u015fl\u0131k ve 5 Parmak Eldiven \u00fcretilmi\u015ftir.<\/div>\n<\/div>\n","protected":false},"excerpt":{"rendered":"<p>Alev ve \u0131s\u0131 riskinden koruyucu uygun a\u011f\u0131rl\u0131k , dizayn ve kuma\u015f yap\u0131s\u0131yla Tulum , Yelek , Ba\u015fl\u0131k, Eldiven gibi \u00e7ok katmanl\u0131 k\u0131yafetler \u00fcretilmektedir. \u00c7evik Kuvvet Termal Koruyucu K\u0131yafet bu tipteki \u00fcr\u00fcnlerimiz i\u00e7in ba\u015fl\u0131ca \u00f6rne\u011fimizdir. EN 11612 standard\u0131na uygunluk esast\u0131r.<\/p>\n","protected":false},"featured_media":6523,"template":"","meta":[],"class_list":["post-5733","product","type-product","status-publish","has-post-thumbnail","hentry","product_cat-asker-ve-polis-grubu","product_cat-fonksiyonel-ic-ve-dis-giyim","product_cat-yanmasi-geciktirilmis-kiyafetler"],"_links":{"self":[{"href":"https:\/\/www.garantikompozit.com\/tr\/wp-json\/wp\/v2\/product\/5733","targetHints":{"allow":["GET"]}}],"collection":[{"href":"https:\/\/www.garantikompozit.com\/tr\/wp-json\/wp\/v2\/product"}],"about":[{"href":"https:\/\/www.garantikompozit.com\/tr\/wp-json\/wp\/v2\/types\/product"}],"wp:featuredmedia":[{"embeddable":true,"href":"https:\/\/www.garantikompozit.com\/tr\/wp-json\/wp\/v2\/media\/6523"}],"wp:attachment":[{"href":"https:\/\/www.garantikompozit.com\/tr\/wp-json\/wp\/v2\/media?parent=5733"}],"curies":[{"name":"wp","href":"https:\/\/api.w.org\/{rel}","templated":true}]}}