{"id":5723,"date":"2019-05-20T15:47:53","date_gmt":"2019-05-20T12:47:53","guid":{"rendered":"http:\/\/test.garantikompozit.com\/?post_type=product&#038;p=5723"},"modified":"2019-08-20T10:59:12","modified_gmt":"2019-08-20T07:59:12","slug":"orman-yanginlarina-mudahale-elbisesi","status":"publish","type":"product","link":"https:\/\/www.garantikompozit.com\/tr\/urun\/orman-yanginlarina-mudahale-elbisesi\/","title":{"rendered":"Orman Yang\u0131nlar\u0131na M\u00fcdahale Elbisesi"},"content":{"rendered":"<div class=\"fl w87 ml30 argePageTitle fl mt20\">\u00dcr\u00fcn \u00d6zellikleri<\/div>\n<div class=\"fl w100 productKeyFeatures\">\n<div class=\"fl w87 productKeyFeatureWrapper\">Pantolon Ceket \u015feklinde 2 par\u00e7al\u0131 olarak \u00fcretilmektedir. \u00dcst\u00fcnde EN20471 normlu Reflektif \u015feritler , s\u0131rt k\u0131sm\u0131nda reflektif bask\u0131 uygu8lamas\u0131\u00a0 bulunmaktad\u0131r . Cepler kapakl\u0131 \u2013 ceket \u00f6n k\u0131s\u0131m patl\u0131d\u0131r. Ceket dirsek ve Pantolon diz k\u0131sm\u0131nda k\u0131yafetin \u00f6mr\u00fcn\u00fc uzatmak maksad\u0131yla d\u0131\u015f kuma\u015ftan takviyeler konulmu\u015ftur.<\/div>\n<\/div>\n","protected":false},"excerpt":{"rendered":"<p>Uluslararas\u0131 standard\u0131 EN 15614 normuna g\u00f6re \u00fcretti\u011fimiz bu k\u0131yafet tek katmanl\u0131 olup &#8211; kuma\u015f\u0131n\u0131n teknik performans\u0131 y\u00fcksek \u00f6nem ta\u015f\u0131maktad\u0131r. Hem \u0131s\u0131l direnci hem mekanik a\u015f\u0131nma direnci y\u00fcksek kuma\u015flar tercih edilmektedir. Aramid , Polibenzamizole veya Polibenzaksol tipi performans\u0131 y\u00fcksek kuma\u015flar kullan\u0131l\u0131r.<\/p>\n","protected":false},"featured_media":6471,"template":"","meta":[],"class_list":["post-5723","product","type-product","status-publish","has-post-thumbnail","hentry","product_cat-fonksiyonel-ic-ve-dis-giyim","product_cat-itfaiye-grubu","product_cat-yanmasi-geciktirilmis-kiyafetler"],"_links":{"self":[{"href":"https:\/\/www.garantikompozit.com\/tr\/wp-json\/wp\/v2\/product\/5723","targetHints":{"allow":["GET"]}}],"collection":[{"href":"https:\/\/www.garantikompozit.com\/tr\/wp-json\/wp\/v2\/product"}],"about":[{"href":"https:\/\/www.garantikompozit.com\/tr\/wp-json\/wp\/v2\/types\/product"}],"wp:featuredmedia":[{"embeddable":true,"href":"https:\/\/www.garantikompozit.com\/tr\/wp-json\/wp\/v2\/media\/6471"}],"wp:attachment":[{"href":"https:\/\/www.garantikompozit.com\/tr\/wp-json\/wp\/v2\/media?parent=5723"}],"curies":[{"name":"wp","href":"https:\/\/api.w.org\/{rel}","templated":true}]}}