{"id":5718,"date":"2019-05-20T15:45:12","date_gmt":"2019-05-20T12:45:12","guid":{"rendered":"http:\/\/test.garantikompozit.com\/?post_type=product&#038;p=5718"},"modified":"2019-08-20T11:00:06","modified_gmt":"2019-08-20T08:00:06","slug":"itfaiye-tulum","status":"publish","type":"product","link":"https:\/\/www.garantikompozit.com\/tr\/urun\/itfaiye-tulum\/","title":{"rendered":"\u0130tfaiye Tulum"},"content":{"rendered":"<div class=\"fl w87 ml30 argePageTitle fl mt20\">\u00dcr\u00fcn \u00d6zellikleri<\/div>\n<div class=\"fl w100 productKeyFeatures\">\n<div class=\"fl w87 productKeyFeatureWrapper\">Tek katman tulum \u015feklinde \u00fcretilmi\u015ftir. \u0130\u00e7 katmanlar ferrmej\u00fcp (\u00e7\u0131t*\u00e7\u0131t sistemi) ile d\u0131\u015f kuma\u015ftan ayr\u0131lmaktad\u0131r. S\u0131rt k\u0131sm\u0131 hareket kabiliyetini artt\u0131rmak maksad\u0131yla k\u00f6r\u00fckl\u00fc yap\u0131lm\u0131\u015ft\u0131r. Kol dirseklerinde ve pantolon diz b\u00f6lgesinde g\u00fc\u00e7lendirilmi\u015f. Aramid esasl\u0131 kuma\u015ftan takviyesi vard\u0131r. Bilek k\u0131sm\u0131nda \u00f6rg\u00fc Aramid kuma\u015ftan bilke koruma mevcuttur. Kullan\u0131lan t\u00fcm aksesuarlar Alev Almaz \u00f6zelliktedir. Bilek k\u0131s\u0131mlar\u0131nda\u00a0 ve pa\u00e7a altlar\u0131nda ayr\u0131ca s\u0131v\u0131 s\u0131z\u0131nt\u0131lar\u0131n\u0131 \u00f6nlemek maksad\u0131yla Aramid esasl\u0131 Anti-wicking kuma\u015f bulunmaktad\u0131r. EN 20471 normlu g\u00f6r\u00fcn\u00fcrl\u00fc\u011f\u00fc artt\u0131rmak maksatl\u0131 Reflektif \u015feritler (sar\u0131-gri-sar\u0131) ve bask\u0131lar bulunmaktad\u0131r.<\/div>\n<\/div>\n","protected":false},"excerpt":{"rendered":"<p>EN 469 standard\u0131 Seviye I(X1 Y1 Z1) veya Seviye II (X2 Y2 Z2)koruma seviyesinde \u00fcretilmektedir. D\u0131\u015f Kuma\u015f (Aramid \/ Polybenzimidazole vb.) &#8211; Nem bariyeri (Aramid- Melamin esasl\u0131 PTFE veya PU membran) &#8211; Is\u0131 Bariyeri (Aramid non-woven) ve Astar (Aramid Viscose \/ Tamam\u0131 aramd) olmak \u00fczere \u00c7ok Katmanl\u0131 Kuma\u015f yap\u0131s\u0131 ile y\u00fcksek performans sa\u011flamaktad\u0131r. Kullan\u0131c\u0131n\u0131n kar\u015f\u0131la\u015ft\u0131\u011f\u0131 en b\u00fcy\u00fck risk \u0131s\u0131 stresi oldu\u011fundan tercih edilen kuma\u015f bile\u015fenleri y\u00fcksek \u00f6nem ta\u015f\u0131maktad\u0131r. K\u0131yafet i\u00e7eri\u011fi her t\u00fcrl\u00fc bile\u015fenin kalitesinin EN 469 \u0130tfaiyeci Elbisesi Genel Standard\u0131&#8217;na uygunlu\u011funun test edilmi\u015f olmas\u0131 gerekmektedir. Sadece Kuma\u015f yap\u0131s\u0131 de\u011fil ayn\u0131 zamanda konfeksiyonun profesyonelli\u011fi de ki\u015fiye &#8211; bedene g\u00f6re \u00f6l\u00e7\u00fclendirerek k\u0131yafet \u00fcretimi koruma performans\u0131n\u0131 artt\u0131r\u0131r.<\/p>\n","protected":false},"featured_media":5722,"template":"","meta":[],"class_list":["post-5718","product","type-product","status-publish","has-post-thumbnail","hentry","product_cat-fonksiyonel-ic-ve-dis-giyim","product_cat-itfaiye-grubu","product_cat-yanmasi-geciktirilmis-kiyafetler"],"_links":{"self":[{"href":"https:\/\/www.garantikompozit.com\/tr\/wp-json\/wp\/v2\/product\/5718","targetHints":{"allow":["GET"]}}],"collection":[{"href":"https:\/\/www.garantikompozit.com\/tr\/wp-json\/wp\/v2\/product"}],"about":[{"href":"https:\/\/www.garantikompozit.com\/tr\/wp-json\/wp\/v2\/types\/product"}],"wp:featuredmedia":[{"embeddable":true,"href":"https:\/\/www.garantikompozit.com\/tr\/wp-json\/wp\/v2\/media\/5722"}],"wp:attachment":[{"href":"https:\/\/www.garantikompozit.com\/tr\/wp-json\/wp\/v2\/media?parent=5718"}],"curies":[{"name":"wp","href":"https:\/\/api.w.org\/{rel}","templated":true}]}}