{"id":5709,"date":"2019-05-20T15:38:06","date_gmt":"2019-05-20T12:38:06","guid":{"rendered":"http:\/\/test.garantikompozit.com\/?post_type=product&#038;p=5709"},"modified":"2019-08-20T11:00:26","modified_gmt":"2019-08-20T08:00:26","slug":"termal-iclik","status":"publish","type":"product","link":"https:\/\/www.garantikompozit.com\/tr\/urun\/termal-iclik\/","title":{"rendered":"MSB \u0130\u00e7 Giyim &#8211; Termal \u0130\u00e7lik"},"content":{"rendered":"<div class=\"fl w87 ml30 argePageTitle fl mt20\">\u00dcr\u00fcn \u00d6zellikleri<\/div>\n<div class=\"fl w100 productKeyFeatures\">\n<div class=\"fl w87 productKeyFeatureWrapper\">\n<ul>\n<li>\u200b1.Kuma\u015f \u00d6zelli\u011fi: %90 Polyamid, %10 Elastan<\/li>\n<li>2.Kuma\u015f \u00d6zelli\u011fi: %78 Polyester, %16 Polyamid, %6 Elastan<\/li>\n<li>3.Kuma\u015f \u00d6zelli\u011fi: %100 Y\u00fcn, 17,5 mikron Merino Wool<\/li>\n<\/ul>\n<\/div>\n<\/div>\n","protected":false},"excerpt":{"rendered":"<p>Alt ve \u00fcst olmak \u00fczere iki par\u00e7adan olu\u015fmaktad\u0131r. Y\u00fcksek hava alabilen yap\u0131da, olduk\u00e7a hafif, teri h\u0131zl\u0131 emen, h\u0131zl\u0131 kuruyan, s\u0131cak havalarda serinletmek i\u00e7in nemi d\u0131\u015far\u0131 atabilen, so\u011fuk havalarda yal\u0131t\u0131m sa\u011flayarak kuru kalabilen, \u00e7ok katl\u0131 k\u0131yafet giyilmesi esnas\u0131nda yard\u0131mc\u0131 olmak i\u00e7in kollarda parmak deli\u011fi mevcut olup hareket kabiliyetini engellemeyecek tasar\u0131mda \u00fcretilmi\u015ftir. Anti bakteriyel \u00f6zelli\u011fe sahiptir.<\/p>\n","protected":false},"featured_media":6513,"template":"","meta":[],"class_list":["post-5709","product","type-product","status-publish","has-post-thumbnail","hentry","product_cat-fonksiyonel-ic-ve-dis-giyim","product_cat-termal-ic-giyim","product_cat-termal-iclik"],"_links":{"self":[{"href":"https:\/\/www.garantikompozit.com\/tr\/wp-json\/wp\/v2\/product\/5709","targetHints":{"allow":["GET"]}}],"collection":[{"href":"https:\/\/www.garantikompozit.com\/tr\/wp-json\/wp\/v2\/product"}],"about":[{"href":"https:\/\/www.garantikompozit.com\/tr\/wp-json\/wp\/v2\/types\/product"}],"wp:featuredmedia":[{"embeddable":true,"href":"https:\/\/www.garantikompozit.com\/tr\/wp-json\/wp\/v2\/media\/6513"}],"wp:attachment":[{"href":"https:\/\/www.garantikompozit.com\/tr\/wp-json\/wp\/v2\/media?parent=5709"}],"curies":[{"name":"wp","href":"https:\/\/api.w.org\/{rel}","templated":true}]}}