{"id":5694,"date":"2019-05-20T15:32:07","date_gmt":"2019-05-20T12:32:07","guid":{"rendered":"http:\/\/test.garantikompozit.com\/?post_type=product&#038;p=5694"},"modified":"2019-08-20T11:00:52","modified_gmt":"2019-08-20T08:00:52","slug":"motorlu-kurye-kiyafeti","status":"publish","type":"product","link":"https:\/\/www.garantikompozit.com\/tr\/urun\/motorlu-kurye-kiyafeti\/","title":{"rendered":"Motorlu Kurye K\u0131yafeti"},"content":{"rendered":"<div class=\"fl w87 ml30 argePageTitle fl mt20\">\u00dcr\u00fcn \u00d6zellikleri<\/div>\n<div class=\"fl w100 productKeyFeatures\">\n<div class=\"fl w87 productKeyFeatureWrapper\">\n<ul>\n<li>D\u0131\u015f kuma\u015f polyamid 6.6, kopma ve y\u0131rt\u0131lma mukavemeti y\u00fcksek olup 70.000 turda a\u015f\u0131nmaya kar\u015f\u0131 dayan\u0131kl\u0131d\u0131r. Nem bariyeri i\u00e7lik kuma\u015f\u0131; 10.000 mm su s\u00fctunu bas\u0131n\u00e7ta su ge\u00e7irmezlik \u00f6zelli\u011fini korur ve su buhar\u0131 ge\u00e7irme direnci 13 m\u00b2Pa\/W \u2018\u0131n alt\u0131ndad\u0131r.<\/li>\n<\/ul>\n<\/div>\n<\/div>\n","protected":false},"excerpt":{"rendered":"<p>Motosikletli PTT da\u011f\u0131t\u0131c\u0131 k\u0131yafeti; Mont ve bah\u00e7\u0131van pantolon ; polyamid 6.6 \u00fcst kuma\u015f, i\u00e7 astar ve su ge\u00e7irmez ve nefes alabilen membran ile lamine edilmi\u015f \u00fc\u00e7 katl\u0131 d\u0131\u015f kuma\u015f ve astarla elyaf\u0131n kapitone edilmesiyle meydana gelen i\u00e7likten olu\u015fmaktad\u0131r. Montun ve bah\u00e7\u0131van pantolonun t\u00fcm diki\u015f yerleri kaynak band\u0131 ile kapat\u0131lmak sureti ile kullan\u0131lan d\u0131\u015f kuma\u015f\u0131n su ge\u00e7irmezlik \u00f6zelli\u011fi muhafaza edilmektedir. K\u0131yafette kullan\u0131lan reflektif malzemeler TS EN ISO 20471 standard\u0131na uygundur. Montun omuz ve dirsek b\u00f6l\u00fcm\u00fc ile pantolonun diz ve kal\u00e7a b\u00f6lgelerine TS EN 1621-1 \u2019ye uygun koruyucular (protekler) yerle\u015ftirilmi\u015ftir.<\/p>\n","protected":false},"featured_media":5698,"template":"","meta":[],"class_list":["post-5694","product","type-product","status-publish","has-post-thumbnail","hentry","product_cat-fonksiyonel-ic-ve-dis-giyim","product_cat-kiyafetler","product_cat-motorize-kiyafetler"],"_links":{"self":[{"href":"https:\/\/www.garantikompozit.com\/tr\/wp-json\/wp\/v2\/product\/5694","targetHints":{"allow":["GET"]}}],"collection":[{"href":"https:\/\/www.garantikompozit.com\/tr\/wp-json\/wp\/v2\/product"}],"about":[{"href":"https:\/\/www.garantikompozit.com\/tr\/wp-json\/wp\/v2\/types\/product"}],"wp:featuredmedia":[{"embeddable":true,"href":"https:\/\/www.garantikompozit.com\/tr\/wp-json\/wp\/v2\/media\/5698"}],"wp:attachment":[{"href":"https:\/\/www.garantikompozit.com\/tr\/wp-json\/wp\/v2\/media?parent=5694"}],"curies":[{"name":"wp","href":"https:\/\/api.w.org\/{rel}","templated":true}]}}