{"id":5689,"date":"2019-05-20T15:30:22","date_gmt":"2019-05-20T12:30:22","guid":{"rendered":"http:\/\/test.garantikompozit.com\/?post_type=product&#038;p=5689"},"modified":"2019-08-20T11:01:01","modified_gmt":"2019-08-20T08:01:01","slug":"sahin-kiyafeti","status":"publish","type":"product","link":"https:\/\/www.garantikompozit.com\/tr\/urun\/sahin-kiyafeti\/","title":{"rendered":"\u015eahin K\u0131yafeti"},"content":{"rendered":"<div class=\"fl w87 ml30 argePageTitle fl mt20\">\u00dcr\u00fcn \u00d6zellikleri<\/div>\n<div class=\"fl w100 productKeyFeatures\">\n<div class=\"fl w87 productKeyFeatureWrapper\">\n<ul>\n<li>D\u0131\u015f kuma\u015f polyamid 6.6, kopma ve y\u0131rt\u0131lma mukavemeti y\u00fcksek olup 70.000 turda a\u015f\u0131nmaya kar\u015f\u0131 dayan\u0131kl\u0131d\u0131r. Nem bariyeri i\u00e7lik kuma\u015f\u0131; 10.000 mm su s\u00fctunu bas\u0131n\u00e7ta su ge\u00e7irmezlik \u00f6zelli\u011fini korur ve su buhar\u0131 ge\u00e7irme direnci 13 m\u00b2Pa\/W \u2018\u0131n alt\u0131ndad\u0131r.<\/li>\n<\/ul>\n<\/div>\n<\/div>\n","protected":false},"excerpt":{"rendered":"<p>Motosikletli Polis Timi (\u015eahin) k\u0131yafeti; Mont ve bah\u00e7\u0131van pantolon; polyamid 6.6 \u00fcst kuma\u015f, su ge\u00e7irmez ve nefes alabilen nem bariyeri i\u00e7lik ile \u0131s\u0131 izolasyonu sa\u011flayan t\u00fcylendirilmi\u015f \u00f6rme i\u00e7likten olu\u015fmaktad\u0131r. Su ge\u00e7irmez i\u00e7lik montun ve i\u00e7lik pantolonun t\u00fcm diki\u015f yerleri kaynak band\u0131 ile kapat\u0131lmak sureti ile kullan\u0131lan d\u0131\u015f kuma\u015f\u0131n su ge\u00e7irmezlik \u00f6zelli\u011fi muhafaza edilmektedir. K\u0131yafette kullan\u0131lan reflektif malzemeler TS EN ISO 20471 standard\u0131na uygundur. Montun omuz ve dirsek b\u00f6l\u00fcm\u00fc ile pantolonun diz ve kal\u00e7a b\u00f6lgelerine TS EN 1621-1\u2019ye uygun koruyucular (protekler) yerle\u015ftirilmi\u015ftir. Tercihe g\u00f6re s\u0131rt b\u00f6lgesine TS EN 1621-2\u2019ye uygun koruyucular (protekler) yerle\u015ftirilebilir.<\/p>\n","protected":false},"featured_media":5693,"template":"","meta":[],"class_list":["post-5689","product","type-product","status-publish","has-post-thumbnail","hentry","product_cat-fonksiyonel-ic-ve-dis-giyim","product_cat-kiyafetler","product_cat-motorize-kiyafetler"],"_links":{"self":[{"href":"https:\/\/www.garantikompozit.com\/tr\/wp-json\/wp\/v2\/product\/5689","targetHints":{"allow":["GET"]}}],"collection":[{"href":"https:\/\/www.garantikompozit.com\/tr\/wp-json\/wp\/v2\/product"}],"about":[{"href":"https:\/\/www.garantikompozit.com\/tr\/wp-json\/wp\/v2\/types\/product"}],"wp:featuredmedia":[{"embeddable":true,"href":"https:\/\/www.garantikompozit.com\/tr\/wp-json\/wp\/v2\/media\/5693"}],"wp:attachment":[{"href":"https:\/\/www.garantikompozit.com\/tr\/wp-json\/wp\/v2\/media?parent=5689"}],"curies":[{"name":"wp","href":"https:\/\/api.w.org\/{rel}","templated":true}]}}