{"id":5682,"date":"2019-05-20T15:25:54","date_gmt":"2019-05-20T12:25:54","guid":{"rendered":"http:\/\/test.garantikompozit.com\/?post_type=product&#038;p=5682"},"modified":"2019-08-20T11:01:53","modified_gmt":"2019-08-20T08:01:53","slug":"sisme-sedye","status":"publish","type":"product","link":"https:\/\/www.garantikompozit.com\/tr\/urun\/sisme-sedye\/","title":{"rendered":"\u015ei\u015fme Sedye"},"content":{"rendered":"<div class=\"fl w87 ml30 argePageTitle fl mt20\">\u00dcr\u00fcn \u00d6zellikleri<\/div>\n<div class=\"fl w100 productKeyFeatures\">\n<div class=\"fl w87 productKeyFeatureWrapper\">\n<ul>\n<li>Hava yasti\u011fi PU malzemeden \u00fcretilmi\u015ftir.<\/li>\n<li>D\u0131\u015f kuma\u015f\u0131 polyamid 6.6. olup y\u00fcksek kopma ve y\u0131rt\u0131lma dayan\u0131m\u0131na sahiptir.<\/li>\n<li>Aktif ba\u011flant\u0131 kordonu kopma mukavemeti &gt;1000 N<\/li>\n<\/ul>\n<\/div>\n<\/div>\n","protected":false},"excerpt":{"rendered":"<p>Japon Hit-Air firmas\u0131n\u0131n patent sahibi oldu\u011fu hava yast\u0131\u011f\u0131 sistemlerini kullanarak i\u00e7erisine hava yast\u0131\u011f\u0131 entegre edilmi\u015f dar alanlarda kullan\u0131lan \u015fi\u015febilir sedyeler \u00fcretilmektedir.<\/p>\n","protected":false},"featured_media":5683,"template":"","meta":[],"class_list":["post-5682","product","type-product","status-publish","has-post-thumbnail","hentry","product_cat-fonksiyonel-ic-ve-dis-giyim","product_cat-hava-yastikli-airbag-yelek-ve-ceketler","product_cat-hava-yastikli-sedye"],"_links":{"self":[{"href":"https:\/\/www.garantikompozit.com\/tr\/wp-json\/wp\/v2\/product\/5682","targetHints":{"allow":["GET"]}}],"collection":[{"href":"https:\/\/www.garantikompozit.com\/tr\/wp-json\/wp\/v2\/product"}],"about":[{"href":"https:\/\/www.garantikompozit.com\/tr\/wp-json\/wp\/v2\/types\/product"}],"wp:featuredmedia":[{"embeddable":true,"href":"https:\/\/www.garantikompozit.com\/tr\/wp-json\/wp\/v2\/media\/5683"}],"wp:attachment":[{"href":"https:\/\/www.garantikompozit.com\/tr\/wp-json\/wp\/v2\/media?parent=5682"}],"curies":[{"name":"wp","href":"https:\/\/api.w.org\/{rel}","templated":true}]}}