{"id":5677,"date":"2019-05-20T15:24:45","date_gmt":"2019-05-20T12:24:45","guid":{"rendered":"http:\/\/test.garantikompozit.com\/?post_type=product&#038;p=5677"},"modified":"2019-08-20T11:02:00","modified_gmt":"2019-08-20T08:02:00","slug":"hava-yastikli-ceket","status":"publish","type":"product","link":"https:\/\/www.garantikompozit.com\/tr\/urun\/hava-yastikli-ceket\/","title":{"rendered":"Hava Yast\u0131kl\u0131 Ceket"},"content":{"rendered":"<div class=\"fl w87 ml30 argePageTitle fl mt20\">\u00dcr\u00fcn \u00d6zellikleri<\/div>\n<div class=\"fl w100 productKeyFeatures\">\n<div class=\"fl w87 productKeyFeatureWrapper\">\n<ul>\n<li>Hava yasti\u011fi PU malzemeden \u00fcretilmi\u015ftir.<\/li>\n<li>Ceket d\u0131\u015f kuma\u015f\u0131 polyamid 6.6. olup y\u00fcksek kopma ve y\u0131rt\u0131lma dayan\u0131m\u0131na sahiptir.<\/li>\n<li>Aktif ba\u011flant\u0131 kordonu kopma mukavemeti &gt;1000 N<\/li>\n<\/ul>\n<\/div>\n<\/div>\n","protected":false},"excerpt":{"rendered":"<p>Japon Hit-Air firmas\u0131n\u0131n patent sahibi oldu\u011fu hava yast\u0131\u011f\u0131 sistemlerini kullanarak i\u00e7erisine hava yast\u0131\u011f\u0131 entegre edilmi\u015f yelekler \u00fcretmektedir. Polis ve askeri motorize personel, motosiklet kullan\u0131c\u0131lar\u0131 binicilik ve bisiklet sporu yapanlar\u0131n yeleklerine uygulanabilen bir sistemdir.<\/p>\n","protected":false},"featured_media":5681,"template":"","meta":[],"class_list":["post-5677","product","type-product","status-publish","has-post-thumbnail","hentry","product_cat-fonksiyonel-ic-ve-dis-giyim","product_cat-hava-yastikli-airbag-yelek-ve-ceketler","product_cat-hava-yastikli-ceketler"],"_links":{"self":[{"href":"https:\/\/www.garantikompozit.com\/tr\/wp-json\/wp\/v2\/product\/5677","targetHints":{"allow":["GET"]}}],"collection":[{"href":"https:\/\/www.garantikompozit.com\/tr\/wp-json\/wp\/v2\/product"}],"about":[{"href":"https:\/\/www.garantikompozit.com\/tr\/wp-json\/wp\/v2\/types\/product"}],"wp:featuredmedia":[{"embeddable":true,"href":"https:\/\/www.garantikompozit.com\/tr\/wp-json\/wp\/v2\/media\/5681"}],"wp:attachment":[{"href":"https:\/\/www.garantikompozit.com\/tr\/wp-json\/wp\/v2\/media?parent=5677"}],"curies":[{"name":"wp","href":"https:\/\/api.w.org\/{rel}","templated":true}]}}