{"id":5666,"date":"2019-05-20T14:15:10","date_gmt":"2019-05-20T11:15:10","guid":{"rendered":"http:\/\/test.garantikompozit.com\/?post_type=product&#038;p=5666"},"modified":"2019-08-20T11:02:17","modified_gmt":"2019-08-20T08:02:17","slug":"kbrn-kisisel-koryucu-sistem","status":"publish","type":"product","link":"https:\/\/www.garantikompozit.com\/tr\/urun\/kbrn-kisisel-koryucu-sistem\/","title":{"rendered":"KBRN Ki\u015fisel Koruyucu Sistem"},"content":{"rendered":"<div class=\"fl w87 ml30 argePageTitle fl mt20\">\u00dcr\u00fcn \u00d6zellikleri<\/div>\n<div class=\"fl w100 productKeyFeatures\">\n<div class=\"fl w87 productKeyFeatureWrapper\"><strong>KBRN Bot K\u0131l\u0131f\u0131\u00a0<\/strong><br \/>\nKBRN Bot K\u0131l\u0131f\u0131, ayakkab\u0131 taban alt\u0131 ile pantolonun pa\u00e7a k\u0131sm\u0131 ile kalan b\u00f6lgeyi tam koruma alt\u0131na alacak \u015fekilde \u00fcretilmi\u015ftir.<strong>KBRN ELD\u0130VEN<\/strong><br \/>\nKBRN Eldiven, d\u0131\u015f eldiven ve i\u00e7 eldiven olmak \u00fczere iki par\u00e7adan olu\u015fmaktad\u0131r. D\u0131\u015f eldiven; butil kau\u00e7uk esasl\u0131 malzemeden \u00fcretilmi\u015f olup, koruyucu tabakayla kaplanm\u0131\u015f ve be\u015f parmakl\u0131d\u0131r. \u0130\u00e7 eldiven ise, birlikte kullan\u0131laca\u011f\u0131 d\u0131\u015f eldiven boyutlar\u0131na uygun olarak diki\u015fsiz, pamuklu malzemeden \u00fcretilmi\u015ftir.<\/p>\n<div>\n<p><strong>KBRN MASKE<\/strong><br \/>\nKoruyucu maske KBRN maddelerine kar\u015f\u0131 y\u00fcz\u00fc, g\u00f6zleri ve solunum yollar\u0131n\u0131 korumakta, bu maddelerle kirlenmi\u015f havay\u0131 temiz olarak solunum yollar\u0131na sevk edecek sistemdedir. G\u00f6zleri ve y\u00fcz\u00fc \u00f6rterek kullan\u0131c\u0131y\u0131 kimyasal ve biyolojik harp maddeleri ile radyoaktif alfa ve beta par\u00e7ac\u0131klar\u0131na kar\u015f\u0131 korumaktad\u0131r.<\/p>\n<\/div>\n<\/div>\n<\/div>\n","protected":false},"excerpt":{"rendered":"<p>KBRN Tak\u0131m\u0131 Tulum veya elbise, bot k\u0131l\u0131f\u0131, eldiven ve maskeden olu\u015fmakta olup ve C SEV\u0130YES\u0130NDE koruma sa\u011flamaktad\u0131r. Paket halinde saklan\u0131p raf \u00f6mr\u00fc 10 sene olmal\u0131d\u0131r. Paketi a\u00e7\u0131ld\u0131ktan itibaren NBC&#8217; ye maruz kalmad\u0131\u011f\u0131 s\u00fcrece 30 g\u00fcn boyunca kullan\u0131labilmektedir.<\/p>\n","protected":false},"featured_media":5667,"template":"","meta":[],"class_list":["post-5666","product","type-product","status-publish","has-post-thumbnail","hentry","product_cat-fonksiyonel-ic-ve-dis-giyim","product_cat-kbrn","product_cat-kbrn-takim"],"_links":{"self":[{"href":"https:\/\/www.garantikompozit.com\/tr\/wp-json\/wp\/v2\/product\/5666","targetHints":{"allow":["GET"]}}],"collection":[{"href":"https:\/\/www.garantikompozit.com\/tr\/wp-json\/wp\/v2\/product"}],"about":[{"href":"https:\/\/www.garantikompozit.com\/tr\/wp-json\/wp\/v2\/types\/product"}],"wp:featuredmedia":[{"embeddable":true,"href":"https:\/\/www.garantikompozit.com\/tr\/wp-json\/wp\/v2\/media\/5667"}],"wp:attachment":[{"href":"https:\/\/www.garantikompozit.com\/tr\/wp-json\/wp\/v2\/media?parent=5666"}],"curies":[{"name":"wp","href":"https:\/\/api.w.org\/{rel}","templated":true}]}}