{"id":5662,"date":"2019-05-20T14:13:12","date_gmt":"2019-05-20T11:13:12","guid":{"rendered":"http:\/\/test.garantikompozit.com\/?post_type=product&#038;p=5662"},"modified":"2019-08-20T11:02:25","modified_gmt":"2019-08-20T08:02:25","slug":"arac-devriye-cantasi","status":"publish","type":"product","link":"https:\/\/www.garantikompozit.com\/tr\/urun\/arac-devriye-cantasi\/","title":{"rendered":"Ara\u00e7 Devriye \u00c7antas\u0131"},"content":{"rendered":"<div class=\"fl w87 ml30 argePageTitle fl mt20\">\u00dcr\u00fcn \u00d6zellikleri<\/div>\n<div class=\"fl w100 productKeyFeatures\">\n<div class=\"fl w87 productKeyFeatureWrapper\">\n<ul>\n<li>D\u0131\u015f kuma\u015f, su ge\u00e7irmez \u00f6zellikte membran polyamid d\u0131\u015f malzemeden ile i\u00e7 astar\u0131n laminasyonundan olu\u015fmaktad\u0131r. \u0130\u00e7 kaplama kuma\u015f\u0131 olarak ise 500 denye polyamid kullan\u0131lm\u0131\u015ft\u0131r.<\/li>\n<\/ul>\n<\/div>\n<\/div>\n","protected":false},"excerpt":{"rendered":"<p>Ara\u00e7 devriye \u00e7antas\u0131 yakla\u015f\u0131k 90x40x50 cm boyutlar\u0131nda olup i\u00e7inde farkl\u0131 ebatlarda \u00e7anta, te\u00e7hizat vb. malzemelerin yerle\u015ftirilmesine imkan sa\u011flayan \u00e7ok say\u0131da, darbelere kar\u015f\u0131 korunakl\u0131, b\u00f6lme yer almaktad\u0131r.<\/p>\n","protected":false},"featured_media":5665,"template":"","meta":[],"class_list":["post-5662","product","type-product","status-publish","has-post-thumbnail","hentry","product_cat-canta","product_cat-fonksiyonel-ic-ve-dis-giyim","product_cat-tasiyici-yelekler-ve-sirt-cantalari"],"_links":{"self":[{"href":"https:\/\/www.garantikompozit.com\/tr\/wp-json\/wp\/v2\/product\/5662","targetHints":{"allow":["GET"]}}],"collection":[{"href":"https:\/\/www.garantikompozit.com\/tr\/wp-json\/wp\/v2\/product"}],"about":[{"href":"https:\/\/www.garantikompozit.com\/tr\/wp-json\/wp\/v2\/types\/product"}],"wp:featuredmedia":[{"embeddable":true,"href":"https:\/\/www.garantikompozit.com\/tr\/wp-json\/wp\/v2\/media\/5665"}],"wp:attachment":[{"href":"https:\/\/www.garantikompozit.com\/tr\/wp-json\/wp\/v2\/media?parent=5662"}],"curies":[{"name":"wp","href":"https:\/\/api.w.org\/{rel}","templated":true}]}}