{"id":5655,"date":"2019-05-20T14:09:37","date_gmt":"2019-05-20T11:09:37","guid":{"rendered":"http:\/\/test.garantikompozit.com\/?post_type=product&#038;p=5655"},"modified":"2019-08-20T11:02:39","modified_gmt":"2019-08-20T08:02:39","slug":"cevik-kuvvet-sirt-cantasi","status":"publish","type":"product","link":"https:\/\/www.garantikompozit.com\/tr\/urun\/cevik-kuvvet-sirt-cantasi\/","title":{"rendered":"\u00c7evik Kuvvet S\u0131rt \u00c7antas\u0131"},"content":{"rendered":"<div class=\"fl w87 ml30 argePageTitle fl mt20\">\u00dcr\u00fcn \u00d6zellikleri<\/div>\n<div class=\"fl w100 productKeyFeatures\">\n<div class=\"fl w87 productKeyFeatureWrapper\">\n<ul>\n<li>Poliamid 6.6 500 ve Poliamid 6.6 600 Denye iplikten mam\u00fcl kaplamal\u0131 d\u0131\u015f kuma\u015ftan \u00fcretilmi\u015ftir.<\/li>\n<\/ul>\n<\/div>\n<\/div>\n","protected":false},"excerpt":{"rendered":"<p>600 denye siyah polyanmid 6.6 ile 500 denye mavi polyamid 6.6 d\u0131\u015f kuma\u015ftan \u00fcretilmi\u015f olup gerekli durumlarda kullan\u0131labilecek \u015fekilde su ge\u00e7irmez \u00f6zellikli ya\u011fmur koruyucu \u00e7anta k\u0131l\u0131f\u0131 kuma\u015f\u0131 ile takviye edilmi\u015ftir.<\/p>\n","protected":false},"featured_media":5656,"template":"","meta":[],"class_list":["post-5655","product","type-product","status-publish","has-post-thumbnail","hentry","product_cat-canta","product_cat-fonksiyonel-ic-ve-dis-giyim","product_cat-tasiyici-yelekler-ve-sirt-cantalari"],"_links":{"self":[{"href":"https:\/\/www.garantikompozit.com\/tr\/wp-json\/wp\/v2\/product\/5655","targetHints":{"allow":["GET"]}}],"collection":[{"href":"https:\/\/www.garantikompozit.com\/tr\/wp-json\/wp\/v2\/product"}],"about":[{"href":"https:\/\/www.garantikompozit.com\/tr\/wp-json\/wp\/v2\/types\/product"}],"wp:featuredmedia":[{"embeddable":true,"href":"https:\/\/www.garantikompozit.com\/tr\/wp-json\/wp\/v2\/media\/5656"}],"wp:attachment":[{"href":"https:\/\/www.garantikompozit.com\/tr\/wp-json\/wp\/v2\/media?parent=5655"}],"curies":[{"name":"wp","href":"https:\/\/api.w.org\/{rel}","templated":true}]}}