{"id":5649,"date":"2019-05-20T14:08:32","date_gmt":"2019-05-20T11:08:32","guid":{"rendered":"http:\/\/test.garantikompozit.com\/?post_type=product&#038;p=5649"},"modified":"2019-08-20T11:02:49","modified_gmt":"2019-08-20T08:02:49","slug":"arkaliksiz-sirt-cantasi","status":"publish","type":"product","link":"https:\/\/www.garantikompozit.com\/tr\/urun\/arkaliksiz-sirt-cantasi\/","title":{"rendered":"Arkal\u0131ks\u0131z S\u0131rt \u00c7antas\u0131"},"content":{"rendered":"<div class=\"fl w87 ml30 argePageTitle fl mt20\">\u00dcr\u00fcn \u00d6zellikleri<\/div>\n<div class=\"fl w100 productKeyFeatures\">\n<div class=\"fl w87 productKeyFeatureWrapper\">\n<ul>\n<li>Poliamid 6.6 600 Denye iplikten mam\u00fcl kaplamal\u0131 d\u0131\u015f kuma\u015ftan \u00fcretilmi\u015ftir.<\/li>\n<\/ul>\n<\/div>\n<\/div>\n","protected":false},"excerpt":{"rendered":"<p>\u00c7antan\u0131n her iki yan\u0131nda iki adet kapaks\u0131z cep ve bu ceplerin \u00fczerinde kapaks\u0131z matara cepleri bulunmaktad\u0131r. \u00c7antan\u0131n \u00f6n k\u0131sm\u0131nda 3 adet cep bulunmaktad\u0131r. \u00dcr\u00fcnde y\u00fcksek mukavemetli kontin\u00fc polyesterden mamul kordonlar kullan\u0131lm\u0131\u015ft\u0131r. \u00c7anta kapakl\u0131 olup \u00fcr\u00fcnde kullan\u0131lan t\u00fcm metal aksesuarlar atmosferik ortamda korozyona dayan\u0131kl\u0131d\u0131r.<\/p>\n","protected":false},"featured_media":7881,"template":"","meta":[],"class_list":["post-5649","product","type-product","status-publish","has-post-thumbnail","hentry","product_cat-canta","product_cat-fonksiyonel-ic-ve-dis-giyim","product_cat-tasiyici-yelekler-ve-sirt-cantalari"],"_links":{"self":[{"href":"https:\/\/www.garantikompozit.com\/tr\/wp-json\/wp\/v2\/product\/5649","targetHints":{"allow":["GET"]}}],"collection":[{"href":"https:\/\/www.garantikompozit.com\/tr\/wp-json\/wp\/v2\/product"}],"about":[{"href":"https:\/\/www.garantikompozit.com\/tr\/wp-json\/wp\/v2\/types\/product"}],"wp:featuredmedia":[{"embeddable":true,"href":"https:\/\/www.garantikompozit.com\/tr\/wp-json\/wp\/v2\/media\/7881"}],"wp:attachment":[{"href":"https:\/\/www.garantikompozit.com\/tr\/wp-json\/wp\/v2\/media?parent=5649"}],"curies":[{"name":"wp","href":"https:\/\/api.w.org\/{rel}","templated":true}]}}