{"id":5644,"date":"2019-05-20T14:05:59","date_gmt":"2019-05-20T11:05:59","guid":{"rendered":"http:\/\/test.garantikompozit.com\/?post_type=product&#038;p=5644"},"modified":"2019-08-20T11:03:32","modified_gmt":"2019-08-20T08:03:32","slug":"arkalikli-sirt-cantasi","status":"publish","type":"product","link":"https:\/\/www.garantikompozit.com\/tr\/urun\/arkalikli-sirt-cantasi\/","title":{"rendered":"Arkal\u0131kl\u0131 S\u0131rt \u00c7antas\u0131"},"content":{"rendered":"<div class=\"fl w87 ml30 argePageTitle fl mt20\">\u00dcr\u00fcn \u00d6zellikleri<\/div>\n<div class=\"fl w100 productKeyFeatures\">\n<div class=\"fl w87 productKeyFeatureWrapper\">\n<ul>\n<li>Poliamid 6.6 600 Denye iplikten mam\u00fcl kaplamal\u0131 d\u0131\u015f kuma\u015ftan \u00fcretilmi\u015ftir.<\/li>\n<\/ul>\n<\/div>\n<\/div>\n","protected":false},"excerpt":{"rendered":"<p>\u00c7antan\u0131n her iki yan\u0131nda iki adet kapaks\u0131z cep ve bu ceplerin \u00fczerinde kapaks\u0131z matara cepleri bulunmaktad\u0131r. \u00c7antan\u0131n \u00f6n k\u0131sm\u0131nda 3 adet cep bulunmaktad\u0131r. \u00dcr\u00fcnde y\u00fcksek mukavemetli kontin\u00fc polyesterden mamul kordonlar kullan\u0131lm\u0131\u015ft\u0131r. \u00c7anta kapakl\u0131 olup \u00fcr\u00fcnde kullan\u0131lan t\u00fcm metal aksesuarlar atmosferik ortamda korozyona dayan\u0131kl\u0131d\u0131r. \u00c7anta al\u00fcminyum ala\u015f\u0131ml\u0131 madeni arkal\u0131k malzemesi ile desteklenmi\u015ftir.<\/p>\n","protected":false},"featured_media":5648,"template":"","meta":[],"class_list":["post-5644","product","type-product","status-publish","has-post-thumbnail","hentry","product_cat-canta","product_cat-fonksiyonel-ic-ve-dis-giyim","product_cat-tasiyici-yelekler-ve-sirt-cantalari"],"_links":{"self":[{"href":"https:\/\/www.garantikompozit.com\/tr\/wp-json\/wp\/v2\/product\/5644","targetHints":{"allow":["GET"]}}],"collection":[{"href":"https:\/\/www.garantikompozit.com\/tr\/wp-json\/wp\/v2\/product"}],"about":[{"href":"https:\/\/www.garantikompozit.com\/tr\/wp-json\/wp\/v2\/types\/product"}],"wp:featuredmedia":[{"embeddable":true,"href":"https:\/\/www.garantikompozit.com\/tr\/wp-json\/wp\/v2\/media\/5648"}],"wp:attachment":[{"href":"https:\/\/www.garantikompozit.com\/tr\/wp-json\/wp\/v2\/media?parent=5644"}],"curies":[{"name":"wp","href":"https:\/\/api.w.org\/{rel}","templated":true}]}}