{"id":5638,"date":"2019-05-20T14:03:47","date_gmt":"2019-05-20T11:03:47","guid":{"rendered":"http:\/\/test.garantikompozit.com\/?post_type=product&#038;p=5638"},"modified":"2019-08-20T11:03:38","modified_gmt":"2019-08-20T08:03:38","slug":"hucum-yelegi","status":"publish","type":"product","link":"https:\/\/www.garantikompozit.com\/tr\/urun\/hucum-yelegi\/","title":{"rendered":"H\u00fccum Yele\u011fi"},"content":{"rendered":"<div class=\"fl w87 ml30 argePageTitle fl mt20\">\u00dcr\u00fcn \u00d6zellikleri<\/div>\n<div class=\"fl w100 productKeyFeatures\">\n<div class=\"fl w87 productKeyFeatureWrapper\">\n<ul>\n<li>Tekst\u00fcrize poliamid 6.6 1000 Denye iplikten mam\u00fcl kaplamal\u0131 d\u0131\u015f kuma\u015ftan \u00fcretilmi\u015ftir. Yele\u011fin \u00fcretiminde, 300 Denye Polyester iplikten \u00f6r\u00fclm\u00fc\u015f file ile y\u00fcksek muavemetli kolonlar kullan\u0131lm\u0131\u015ft\u0131r.<\/li>\n<\/ul>\n<\/div>\n<\/div>\n","protected":false},"excerpt":{"rendered":"<p>H\u00fccum yele\u011finde, toplam 6 adet \u015farj\u00f6r cebi mevcut olup, cepler 2 adet 5,56X45 mm veya 1 adet 7,62X51 mm polimer \u015farj\u00f6r\u00fc rahat bir \u015fekilde alabilecek kapasitededir. Yele\u011fin arka k\u0131sm\u0131na tak\u0131labilir mod\u00fcler \u00e7anta mevcuttur. Yelekte de\u011fi\u015fik ama\u00e7lar i\u00e7in kullan\u0131lacak (el bombas\u0131, flashbang, telsiz vb.) cepler\u00a0bulunmaktad\u0131r. Yele\u011fin dip\u00e7ik dayama b\u00f6l\u00fcm\u00fcnde silikon kapl\u0131 para-aramid malzeme kullan\u0131lm\u0131\u015ft\u0131r.<\/p>\n","protected":false},"featured_media":5643,"template":"","meta":[],"class_list":["post-5638","product","type-product","status-publish","has-post-thumbnail","hentry","product_cat-fonksiyonel-ic-ve-dis-giyim","product_cat-tasiyici-yelek","product_cat-tasiyici-yelekler-ve-sirt-cantalari"],"_links":{"self":[{"href":"https:\/\/www.garantikompozit.com\/tr\/wp-json\/wp\/v2\/product\/5638","targetHints":{"allow":["GET"]}}],"collection":[{"href":"https:\/\/www.garantikompozit.com\/tr\/wp-json\/wp\/v2\/product"}],"about":[{"href":"https:\/\/www.garantikompozit.com\/tr\/wp-json\/wp\/v2\/types\/product"}],"wp:featuredmedia":[{"embeddable":true,"href":"https:\/\/www.garantikompozit.com\/tr\/wp-json\/wp\/v2\/media\/5643"}],"wp:attachment":[{"href":"https:\/\/www.garantikompozit.com\/tr\/wp-json\/wp\/v2\/media?parent=5638"}],"curies":[{"name":"wp","href":"https:\/\/api.w.org\/{rel}","templated":true}]}}