{"id":5617,"date":"2019-05-20T13:55:31","date_gmt":"2019-05-20T10:55:31","guid":{"rendered":"http:\/\/test.garantikompozit.com\/?post_type=product&#038;p=5617"},"modified":"2019-08-20T11:04:04","modified_gmt":"2019-08-20T08:04:04","slug":"panco","status":"publish","type":"product","link":"https:\/\/www.garantikompozit.com\/tr\/urun\/panco\/","title":{"rendered":"\u00d6zel Harekat Pan\u00e7o"},"content":{"rendered":"<div class=\"fl w87 ml30 argePageTitle fl mt20\"><strong>\u00dcr\u00fcn \u00d6zellikleri<\/strong><\/div>\n<div><\/div>\n<div class=\"fl w100 productKeyFeatures\">\n<div class=\"fl w87 productKeyFeatureWrapper\">%100 polyamid kuma\u015f\u0131n arka y\u00fcz\u00fc poly\u00fcretan ile kapl\u0131 , 5.000 mm su s\u00fctunu bas\u0131n\u00e7ta su ge\u00e7irmeyen ve\u00a0 + 70\u00b0C ile &#8211; 20\u00b0C s\u0131cakl\u0131klara dayanabilen kuma\u015ftan imal edilmi\u015ftir.<\/div>\n<\/div>\n","protected":false},"excerpt":{"rendered":"<p>Su ve hava ge\u00e7irmez \u00f6zelli\u011fe sahip olup nefes alabilirli\u011fi y\u00fcksektir. Operasyonel ve saha kullan\u0131m\u0131na uygun tasar\u0131mdad\u0131r.\u00a0 Hafif\u00a0 ve \u00e7abuk kuruyabilen \u00f6zellikte\u00a0 olup ta\u015f\u0131ma \u00e7antas\u0131 olan \u00fcr\u00fcnler mevcuttur.<\/p>\n","protected":false},"featured_media":6488,"template":"","meta":[],"class_list":["post-5617","product","type-product","status-publish","has-post-thumbnail","hentry","product_cat-fonksiyonel-ic-ve-dis-giyim","product_cat-panco","product_cat-yagmurluk-panco"],"_links":{"self":[{"href":"https:\/\/www.garantikompozit.com\/tr\/wp-json\/wp\/v2\/product\/5617","targetHints":{"allow":["GET"]}}],"collection":[{"href":"https:\/\/www.garantikompozit.com\/tr\/wp-json\/wp\/v2\/product"}],"about":[{"href":"https:\/\/www.garantikompozit.com\/tr\/wp-json\/wp\/v2\/types\/product"}],"wp:featuredmedia":[{"embeddable":true,"href":"https:\/\/www.garantikompozit.com\/tr\/wp-json\/wp\/v2\/media\/6488"}],"wp:attachment":[{"href":"https:\/\/www.garantikompozit.com\/tr\/wp-json\/wp\/v2\/media?parent=5617"}],"curies":[{"name":"wp","href":"https:\/\/api.w.org\/{rel}","templated":true}]}}