{"id":5612,"date":"2019-05-20T13:53:28","date_gmt":"2019-05-20T10:53:28","guid":{"rendered":"http:\/\/test.garantikompozit.com\/?post_type=product&#038;p=5612"},"modified":"2019-08-20T11:04:14","modified_gmt":"2019-08-20T08:04:14","slug":"trafik-yagmurluk","status":"publish","type":"product","link":"https:\/\/www.garantikompozit.com\/tr\/urun\/trafik-yagmurluk\/","title":{"rendered":"Trafik Ya\u011fmurluk"},"content":{"rendered":"<div class=\"fl w87 ml30 argePageTitle fl mt20\">\u00dcr\u00fcn \u00d6zellikleri<\/div>\n<div><\/div>\n<div class=\"fl w100 productKeyFeatures\">\n<div class=\"fl w87 productKeyFeatureWrapper\">5.000 mm su s\u00fctunu bas\u0131n\u00e7ta su ge\u00e7irmezlik \u00f6zelli\u011fi olan d\u0131\u015f kuma\u015f\u0131n su buhar\u0131 direnci 20 m2Pa\/W\u2019\u0131n alt\u0131ndad\u0131r. Ya\u011fmurlu\u011fun t\u00fcm diki\u015f yerleri kaynak band\u0131 ile kapat\u0131lmak sureti ile kullan\u0131lan d\u0131\u015f kuma\u015f\u0131n su ge\u00e7irmezlik \u00f6zelli\u011fi muhafaza edilmektedir.<\/div>\n<\/div>\n","protected":false},"excerpt":{"rendered":"<p>Su ge\u00e7irmez ve nefes alabilen membran ile kapl\u0131 2 katl\u0131\u00a0 y\u00fcksek g\u00f6r\u00fclebilme \u00f6zelli\u011fine sahip d\u0131\u015f kuma\u015f, i\u00e7 astar kuma\u015f\u0131 ve refrektif malzemeden olu\u015fmaktad\u0131r. Ya\u011fmurlukta kullan\u0131lan kuma\u015f\u0131n rengi fluoresan sar\u0131s\u0131 olup rengin kromatiklik koordinatlar\u0131 EN 471:2003 \u00c7izelge 2\u2019ye uygundur.<\/p>\n","protected":false},"featured_media":6515,"template":"","meta":[],"class_list":["post-5612","product","type-product","status-publish","has-post-thumbnail","hentry","product_cat-fonksiyonel-ic-ve-dis-giyim","product_cat-yagmurluk","product_cat-yagmurluk-panco"],"_links":{"self":[{"href":"https:\/\/www.garantikompozit.com\/tr\/wp-json\/wp\/v2\/product\/5612","targetHints":{"allow":["GET"]}}],"collection":[{"href":"https:\/\/www.garantikompozit.com\/tr\/wp-json\/wp\/v2\/product"}],"about":[{"href":"https:\/\/www.garantikompozit.com\/tr\/wp-json\/wp\/v2\/types\/product"}],"wp:featuredmedia":[{"embeddable":true,"href":"https:\/\/www.garantikompozit.com\/tr\/wp-json\/wp\/v2\/media\/6515"}],"wp:attachment":[{"href":"https:\/\/www.garantikompozit.com\/tr\/wp-json\/wp\/v2\/media?parent=5612"}],"curies":[{"name":"wp","href":"https:\/\/api.w.org\/{rel}","templated":true}]}}