{"id":5607,"date":"2019-05-20T13:51:14","date_gmt":"2019-05-20T10:51:14","guid":{"rendered":"http:\/\/test.garantikompozit.com\/?post_type=product&#038;p=5607"},"modified":"2019-08-20T11:04:26","modified_gmt":"2019-08-20T08:04:26","slug":"yagmurluk-takim","status":"publish","type":"product","link":"https:\/\/www.garantikompozit.com\/tr\/urun\/yagmurluk-takim\/","title":{"rendered":"\u00d6zel Harekat &#8211; Ya\u011fmurluk Tak\u0131m"},"content":{"rendered":"<div class=\"fl w87 ml30 argePageTitle fl mt20\">\u00dcr\u00fcn \u00d6zellikleri<\/div>\n<div class=\"fl w100 productKeyFeatures\">\n<div class=\"fl w87 productKeyFeatureWrapper\">\n<ul>\n<li>D\u0131\u015f kuma\u015f; \u00fcst Kuma\u015f\u0131 %100 Polyamid, ara katman PU fonksiyonel membran<\/li>\n<li>\u0130\u00e7 astar ise \u00e7\u00f6zg\u00fcl\u00fc \u00f6rme polyamid olmak \u00fczere 3 katman\u0131n laminasyonu ile\u00a0 elde edilmi\u015ftir.<\/li>\n<\/ul>\n<\/div>\n<\/div>\n","protected":false},"excerpt":{"rendered":"<p>Y\u0131rt\u0131lma mukavemeti ve kopma mukavemetleri ile a\u015f\u0131nma dayan\u0131m\u0131 y\u00fcksektir.\u00a0Su ve hava ge\u00e7irmez \u00f6zelli\u011fe sahip olup nefes alabilirli\u011fi y\u00fcksektir.\u00a0Operasyonel ve saha kullan\u0131m\u0131na uygun tasar\u0131mdad\u0131r.\u00a0Ya\u011fmurlukta kullan\u0131lan fermuarlar su ge\u00e7irmez \u00f6zelliktedir.\u00a0Pantolon ve ceket tak\u0131mdan olu\u015fmaktad\u0131r.<\/p>\n","protected":false},"featured_media":6519,"template":"","meta":[],"class_list":["post-5607","product","type-product","status-publish","has-post-thumbnail","hentry","product_cat-fonksiyonel-ic-ve-dis-giyim","product_cat-yagmurluk","product_cat-yagmurluk-panco"],"_links":{"self":[{"href":"https:\/\/www.garantikompozit.com\/tr\/wp-json\/wp\/v2\/product\/5607","targetHints":{"allow":["GET"]}}],"collection":[{"href":"https:\/\/www.garantikompozit.com\/tr\/wp-json\/wp\/v2\/product"}],"about":[{"href":"https:\/\/www.garantikompozit.com\/tr\/wp-json\/wp\/v2\/types\/product"}],"wp:featuredmedia":[{"embeddable":true,"href":"https:\/\/www.garantikompozit.com\/tr\/wp-json\/wp\/v2\/media\/6519"}],"wp:attachment":[{"href":"https:\/\/www.garantikompozit.com\/tr\/wp-json\/wp\/v2\/media?parent=5607"}],"curies":[{"name":"wp","href":"https:\/\/api.w.org\/{rel}","templated":true}]}}