{"id":5596,"date":"2019-05-20T13:44:15","date_gmt":"2019-05-20T10:44:15","guid":{"rendered":"http:\/\/test.garantikompozit.com\/?post_type=product&#038;p=5596"},"modified":"2019-08-20T11:08:05","modified_gmt":"2019-08-20T08:08:05","slug":"bisiklet-yakali-tisort","status":"publish","type":"product","link":"https:\/\/www.garantikompozit.com\/tr\/urun\/bisiklet-yakali-tisort\/","title":{"rendered":"Bisiklet Yakal\u0131 Ti\u015f\u00f6rt"},"content":{"rendered":"<p>.<\/p>\n","protected":false},"excerpt":{"rendered":"<p>Reglan kollu ve yuvarlak yakal\u0131 olup sa\u011f ve sol k\u0131s\u0131mlar\u0131 kupludur. V\u00fccut terini d\u0131\u015far\u0131 atan, \u00e7abuk kuruyan ve nefes alan \u00f6zellikte, kanall\u0131 polyester iplikten \u00f6r\u00fclm\u00fc\u015f kuma\u015ftan \u00fcretilmi\u015ftir.<\/p>\n","protected":false},"featured_media":6382,"template":"","meta":[],"class_list":["post-5596","product","type-product","status-publish","has-post-thumbnail","hentry","product_cat-fonksiyonel-ic-ve-dis-giyim","product_cat-operasyon-gomlegi","product_cat-tisort-bisiklet-yakali"],"_links":{"self":[{"href":"https:\/\/www.garantikompozit.com\/tr\/wp-json\/wp\/v2\/product\/5596","targetHints":{"allow":["GET"]}}],"collection":[{"href":"https:\/\/www.garantikompozit.com\/tr\/wp-json\/wp\/v2\/product"}],"about":[{"href":"https:\/\/www.garantikompozit.com\/tr\/wp-json\/wp\/v2\/types\/product"}],"wp:featuredmedia":[{"embeddable":true,"href":"https:\/\/www.garantikompozit.com\/tr\/wp-json\/wp\/v2\/media\/6382"}],"wp:attachment":[{"href":"https:\/\/www.garantikompozit.com\/tr\/wp-json\/wp\/v2\/media?parent=5596"}],"curies":[{"name":"wp","href":"https:\/\/api.w.org\/{rel}","templated":true}]}}