{"id":5586,"date":"2019-05-20T11:43:34","date_gmt":"2019-05-20T08:43:34","guid":{"rendered":"http:\/\/test.garantikompozit.com\/?post_type=product&#038;p=5586"},"modified":"2019-08-20T11:08:22","modified_gmt":"2019-08-20T08:08:22","slug":"egitim-elbisesi-bdu","status":"publish","type":"product","link":"https:\/\/www.garantikompozit.com\/tr\/urun\/egitim-elbisesi-bdu\/","title":{"rendered":"E\u011fitim Elbisesi (BDU)"},"content":{"rendered":"<p>.<\/p>\n","protected":false},"excerpt":{"rendered":"<p>Elbisenin dirsek, diz ve a\u011f k\u0131s\u0131mlar\u0131 hareket kabiliyetini k\u0131s\u0131tlamayacak \u015fekilde tasarlanm\u0131\u015f olup destek kuma\u015f\u0131 ile takviye edilmi\u015ftir. Kol a\u011f\u0131zlar\u0131 tekstil fermuar\u0131 ile ayarlanabilir yap\u0131dad\u0131r. Kullan\u0131lan d\u0131\u015f kuma\u015flar, y\u00fcksek mekanik dayan\u0131ma sahip olup s\u00fcrt\u00fcnmeye, tere, hava \u015fartlar\u0131na, ev ve sanayi tipi y\u0131kamaya, \u00fct\u00fclemeye kar\u015f\u0131 renk hasl\u0131klar\u0131 akmada ve solmada en y\u00fcksek seviyededir. Ayr\u0131ca hava ge\u00e7irgenli\u011fi y\u00fcksek seviyede olup tercihe g\u00f6re su iticilik, ya\u011f iticilik, g\u00fc\u00e7 tutu\u015fur, ha\u015fere kovucu, IRR, anti bakteriyel vb. \u00f6zellikler ile desteklenebilir.<\/p>\n","protected":false},"featured_media":5590,"template":"","meta":[],"class_list":["post-5586","product","type-product","status-publish","has-post-thumbnail","hentry","product_cat-egitim-elbisesi-bdu","product_cat-fonksiyonel-ic-ve-dis-giyim"],"_links":{"self":[{"href":"https:\/\/www.garantikompozit.com\/tr\/wp-json\/wp\/v2\/product\/5586","targetHints":{"allow":["GET"]}}],"collection":[{"href":"https:\/\/www.garantikompozit.com\/tr\/wp-json\/wp\/v2\/product"}],"about":[{"href":"https:\/\/www.garantikompozit.com\/tr\/wp-json\/wp\/v2\/types\/product"}],"wp:featuredmedia":[{"embeddable":true,"href":"https:\/\/www.garantikompozit.com\/tr\/wp-json\/wp\/v2\/media\/5590"}],"wp:attachment":[{"href":"https:\/\/www.garantikompozit.com\/tr\/wp-json\/wp\/v2\/media?parent=5586"}],"curies":[{"name":"wp","href":"https:\/\/api.w.org\/{rel}","templated":true}]}}