{"id":5576,"date":"2019-05-20T11:40:09","date_gmt":"2019-05-20T08:40:09","guid":{"rendered":"http:\/\/test.garantikompozit.com\/?post_type=product&#038;p=5576"},"modified":"2019-08-20T11:08:41","modified_gmt":"2019-08-20T08:08:41","slug":"ozel-harekat-yazlik-pantolon-ceket-kep","status":"publish","type":"product","link":"https:\/\/www.garantikompozit.com\/tr\/urun\/ozel-harekat-yazlik-pantolon-ceket-kep\/","title":{"rendered":"\u00d6zel Harekat Yazl\u0131k Pantolon-Ceket-Kep"},"content":{"rendered":"<div class=\"fl w87 ml30 argePageTitle fl mt20\">\u00dcr\u00fcn \u00d6zellikleri<\/div>\n<div class=\"fl w100 productKeyFeatures\">\n<div class=\"fl w87 productKeyFeatureWrapper\">\n<ul>\n<li>%50 Polyamid\/ %50 Pamuk Rip-Stop Doku 180 \u00b1 15 g\/m2<\/li>\n<li>%65 Polyester\/ %35 Pamuk Ripstop Doku 150 \u00b1 15 g\/m2<\/li>\n<li>\u0130stedi\u011finiz her renk tonunda \u00fcretim yap\u0131labilir.<\/li>\n<\/ul>\n<\/div>\n<\/div>\n","protected":false},"excerpt":{"rendered":"<p>Elbisenin dirsek, diz ve a\u011f k\u0131s\u0131mlar\u0131 hareket kabiliyetini k\u0131s\u0131tlamayacak \u015fekilde tasarlanm\u0131\u015f olup destek kuma\u015f\u0131 ile takviye edilmi\u015ftir. Kol a\u011f\u0131zlar\u0131 tekstil fermuar\u0131 ile ayarlanabilir yap\u0131dad\u0131r. Kullan\u0131lan d\u0131\u015f kuma\u015flar, y\u00fcksek mekanik dayan\u0131ma sahip olup s\u00fcrt\u00fcnmeye, tere, hava \u015fartlar\u0131na, ev ve sanayi tipi y\u0131kamaya, \u00fct\u00fclemeye kar\u015f\u0131 renk hasl\u0131klar\u0131 akmada ve solmada en y\u00fcksek seviyededir. Ayr\u0131ca hava ge\u00e7irgenli\u011fi y\u00fcksek seviyede olup tercihe g\u00f6re su iticilik, ya\u011f iticilik, g\u00fc\u00e7 tutu\u015fur, ha\u015fere kovucu, IRR, anti bakteriyel vb. \u00f6zellikler ile desteklenebilir.<\/p>\n","protected":false},"featured_media":6443,"template":"","meta":[],"class_list":["post-5576","product","type-product","status-publish","has-post-thumbnail","hentry","product_cat-egitim-elbisesi-bdu","product_cat-fonksiyonel-ic-ve-dis-giyim"],"_links":{"self":[{"href":"https:\/\/www.garantikompozit.com\/tr\/wp-json\/wp\/v2\/product\/5576","targetHints":{"allow":["GET"]}}],"collection":[{"href":"https:\/\/www.garantikompozit.com\/tr\/wp-json\/wp\/v2\/product"}],"about":[{"href":"https:\/\/www.garantikompozit.com\/tr\/wp-json\/wp\/v2\/types\/product"}],"wp:featuredmedia":[{"embeddable":true,"href":"https:\/\/www.garantikompozit.com\/tr\/wp-json\/wp\/v2\/media\/6443"}],"wp:attachment":[{"href":"https:\/\/www.garantikompozit.com\/tr\/wp-json\/wp\/v2\/media?parent=5576"}],"curies":[{"name":"wp","href":"https:\/\/api.w.org\/{rel}","templated":true}]}}