{"id":5566,"date":"2019-05-20T11:35:57","date_gmt":"2019-05-20T08:35:57","guid":{"rendered":"http:\/\/test.garantikompozit.com\/?post_type=product&#038;p=5566"},"modified":"2019-08-20T11:08:58","modified_gmt":"2019-08-20T08:08:58","slug":"catili-tip-afet-cadiri","status":"publish","type":"product","link":"https:\/\/www.garantikompozit.com\/tr\/urun\/catili-tip-afet-cadiri\/","title":{"rendered":"\u00c7at\u0131l\u0131 Tip Afet \u00c7ad\u0131r\u0131"},"content":{"rendered":"<div class=\"fl w87 ml30 argePageTitle fl mt20\">\u00dcr\u00fcn \u00d6zellikleri<\/div>\n<div class=\"fl w100 productKeyFeatures\">\n<div class=\"fl w87 productKeyFeatureWrapper\">\n<ul>\n<li>En : 400 cm<\/li>\n<li>Boy : 400 cm ve farkl\u0131 \u00f6l\u00e7\u00fclerde<\/li>\n<li>Yan Y\u00fckseklik :180 cm<\/li>\n<li>Orta Y\u00fckseklik : 250 cm<\/li>\n<\/ul>\n<\/div>\n<\/div>\n","protected":false},"excerpt":{"rendered":"<div class=\"fl w87 productDesc pb10 pt5\">D\u0131\u015f kaplama malzemesi ke\u00e7e laminasyonlu PVC brandad\u0131r. Bu sayede su ge\u00e7irgenli\u011fi ve terlemeyi\u00a0\u00f6nler. Y\u00fcksek mukavemetli, \u00f6zel tasar\u0131m plastik ba\u011flant\u0131 elemanlar\u0131 sayesinde elektrik iletkenli\u011fini\u00a0\u00f6nlemesinin yan\u0131 s\u0131ra kurulum ve nakliye kolayl\u0131\u011f\u0131 sa\u011flamaktad\u0131r. B\u00f6l\u00fcnebilir i\u00e7 tasar\u0131m\u0131 sayesinde farkl\u0131 ya\u015fam alanlar\u0131 olu\u015fturulmaktad\u0131r. Renk se\u00e7enekleriyle askeri kamplarda da kullan\u0131lmaktad\u0131r.<\/div>\n<div class=\"fl w87 slider5 prelative\">\n<div class=\"bx-wrapper\">\n<div class=\"bx-viewport\">\n<ul class=\"fl w100 productImageWrapper\">\n<li><\/li>\n<\/ul>\n<\/div>\n<\/div>\n<\/div>\n","protected":false},"featured_media":5570,"template":"","meta":[],"class_list":["post-5566","product","type-product","status-publish","has-post-thumbnail","hentry","product_cat-dogal-afet-cadirlari","product_cat-fonksiyonel-ic-ve-dis-giyim","product_cat-uyku-tulumlari-ve-cadirlar"],"_links":{"self":[{"href":"https:\/\/www.garantikompozit.com\/tr\/wp-json\/wp\/v2\/product\/5566","targetHints":{"allow":["GET"]}}],"collection":[{"href":"https:\/\/www.garantikompozit.com\/tr\/wp-json\/wp\/v2\/product"}],"about":[{"href":"https:\/\/www.garantikompozit.com\/tr\/wp-json\/wp\/v2\/types\/product"}],"wp:featuredmedia":[{"embeddable":true,"href":"https:\/\/www.garantikompozit.com\/tr\/wp-json\/wp\/v2\/media\/5570"}],"wp:attachment":[{"href":"https:\/\/www.garantikompozit.com\/tr\/wp-json\/wp\/v2\/media?parent=5566"}],"curies":[{"name":"wp","href":"https:\/\/api.w.org\/{rel}","templated":true}]}}